{"id":14,"date":"2023-11-23T07:43:26","date_gmt":"2023-11-23T06:43:26","guid":{"rendered":""},"modified":"2025-08-21T09:34:28","modified_gmt":"2025-08-21T07:34:28","slug":"contact","status":"publish","type":"page","link":"https:\/\/ntumedias-formation.fr\/en\/contact\/","title":{"rendered":"Contact"},"content":{"rendered":"<p><section class=\"fw-main-row\"  >\n\t<div class=\"fw-container-fluid\">\n\t\t<div class=\"fw-row\">\n\t<div class=\"fw-col-xs-12\">\n\t\n    <div class=\"owl-carousel owl-theme\">\n        \n        \n                    <div class=\"equal-margin header-content\" role=\"banner\" style=\"background-image:url(\/\/ntumedias-formation.fr\/wp-content\/uploads\/2019\/11\/contact.jpg);\">\n                                <div class=\"container\">\n                    <div class=\"row\">\n                        <div class=\"col-xs-12 col-sm-12 header-area\">\n                            <div class=\"header-area-inner header-text\">\n                                                                                                    <h1 class=\"title\">Contact us<\/h1>\n                                \n                                <p>Vous avez des questions, des demandes particuli\u00e8res ? Notre \u00e9quipe est \u00e0 votre disposition pour y r\u00e9pondre. Notre organisme vous offre la possibilit\u00e9 de b\u00e9n\u00e9ficier d'aide au financement avec votre OPCO ou le CPF.<\/p>\n                                \n                                                            <\/div>\n                        <\/div>\n                    <\/div>\n                <\/div>\n            <\/div>\n                    <\/div><\/div>\n<\/div>\n\n\t<\/div>\n<\/section>\n<section class=\"fw-main-row\"  >\n\t<div class=\"fw-container-fluid\">\n\t\t<div class=\"fw-row\">\n\t<div class=\"fw-col-xs-12\">\n\t       \n<div class=\"wrap-bg\">\n    <div class=\"container\">\n        <div class=\"vultur_contact_box\">\n            <div class=\"row position-left\">\n                <div class=\"col-lg-6 col-md-6 col-sm-12 col-xs-12\">\n                    <div class=\"section-title vultur_contact_info padding-right70\">\n                                                    <div class=\"intro-title\">Contact<\/div>\n                                                                            <h2>Send us a message<\/h2>\n                                                                            <p>Vous pouvez nous envoyer un mail directement \u00e0 l'adresse :<\/p><h2><span style=\"color: #ff6600;\"><strong>contact@ntumedias-prod.com<\/strong><\/span><\/h2>                        \n                        <div class=\"wpcf7\">\n                                                    <\/div>\n                    <\/div>\n                <\/div>\n                <div class=\"col-lg-6 col-md-6 col-sm-12 col-xs-12\">\n                    <img decoding=\"async\" src=\"https:\/\/ntumedias-formation.fr\/wp-content\/uploads\/2019\/11\/contact.png\"  alt=\"\"\/>\n                <\/div>\n            <\/div>\n        <\/div>\n    <\/div>\n<\/div>\n    <div class=\"vultur_contact_map\">\n                    <div class=\"sl_color_map\">\n                <div id=\"map\"><\/div>\n            <\/div>\n            <\/div>\n\n\n\n\n\n<\/div>\n<\/div>\n\n\t<\/div>\n<\/section>\n<section class=\"fw-main-row\" style=\"background-color:#f7f7f7;\" >\n\t<div class=\"fw-container-fluid\">\n\t\t<div class=\"fw-row\">\n\t<div class=\"fw-col-xs-12\">\n\t\n\t<div class=\"fw-divider-space\" style=\"padding-top: 30px;\"><\/div>\n<\/div>\n<\/div>\n\n<div class=\"fw-row\">\n\t<div class=\"fw-col-xs-12\">\n\t<h2 style=\"text-align: center;\">OUR DIFFERENT ADDRESSES<\/h2><\/div>\n<\/div>\n\n<div class=\"fw-row\">\n\t<div class=\"fw-col-xs-12\">\n\t<div id=\"popular-widget\" class=\"wrap-bg\">\n<div class=\"container\">\n    \t\t<div class=\"vultur_contact_details\">\n\t\t\t<div class=\"row\">\n\t\t\t\n                \t\t\t\t\t\t<div class=\"col-lg-4 col-md-4 col-sm-12 col-xs-12\">\n\t\t\t\t\t\t\t<div class=\"vultur_contact_details_box details_box1 text-center\" style=\"background-image:url(\/\/ntumedias-formation.fr\/wp-content\/uploads\/2023\/12\/1200x768_des-promeneurs-sur-le-quai-des-antilles-sur-l-ile-de-nantes-a-nantes.png);background-color:#000;\">\n\t\t\t\t\t\t\t\t\t\t\t\t\t\t\t\t\t<h4>Nantes<\/h4>\n\t\t\t\t\t\t\t\t<p>6 Rue Ren\u00e9 Viviani<br \/>44200 Nantes<\/p>                                \t\t\t\t\t\t\t<\/div>\n\t\t\t\t\t\t<\/div>\n                                \n                    \n                    \t\t\t\t\t\n                \t\t\t\t\t\t<div class=\"col-lg-4 col-md-4 col-sm-12 col-xs-12\">\n\t\t\t\t\t\t\t<div class=\"vultur_contact_details_box details_box1 text-center\" style=\"background-image:url(\/\/ntumedias-formation.fr\/wp-content\/uploads\/2023\/12\/photo-ville-angers-chateau-angers.png);background-color:#000;\">\n\t\t\t\t\t\t\t\t\t\t\t\t\t\t\t\t\t<h4>Angers<\/h4>\n\t\t\t\t\t\t\t\t<p>Current address<\/p><p>Moving<\/p>                                \t\t\t\t\t\t\t<\/div>\n\t\t\t\t\t\t<\/div>\n                                \n                    \n                    \t\t\t\t\t\n                \t\t\t\t\t\t<div class=\"col-lg-4 col-md-4 col-sm-12 col-xs-12\">\n\t\t\t\t\t\t\t<div class=\"vultur_contact_details_box details_box1 text-center\" style=\"background-image:url(\/\/ntumedias-formation.fr\/wp-content\/uploads\/2023\/12\/ville-de-cholet-ecole-enseignement.png);background-color:#000;\">\n\t\t\t\t\t\t\t\t\t\t\t\t\t\t\t\t\t<h4>Cholet<\/h4>\n\t\t\t\t\t\t\t\t<p>05 Boulevard Pierre Lecoq<\/p><p>49300, Cholet<\/p>                                \t\t\t\t\t\t\t<\/div>\n\t\t\t\t\t\t<\/div>\n                                \n                    \n                    \t\t\t\t\t\t\t<\/div>\n<\/div>\n<\/div>\n<\/div>\n<\/div>\n<\/div>\n\n\t<\/div>\n<\/section>\n<\/p>","protected":false},"excerpt":{"rendered":"<p>Contactez-nous Vous avez des questions, des demandes particuli\u00e8res ? Notre \u00e9quipe est \u00e0 votre disposition pour y r\u00e9pondre. Notre organisme [&hellip;]<\/p>\n","protected":false},"author":1,"featured_media":8535,"parent":0,"menu_order":0,"comment_status":"closed","ping_status":"closed","template":"template-parts\/vultur-pagefullwidth.php","meta":{"footnotes":""},"class_list":["post-14","page","type-page","status-publish","has-post-thumbnail","hentry"],"yoast_head":"<!-- This site is optimized with the Yoast SEO Premium plugin v27.0 (Yoast SEO v27.0) - https:\/\/yoast.com\/product\/yoast-seo-premium-wordpress\/ -->\n<title>Contact<\/title>\n<meta name=\"description\" content=\"Gr\u00e2ces aux aides et des formations aux tarifs diversifi\u00e9s, les prix sont abordables. Contactez nous pour en savoir sur les financements.\" \/>\n<meta name=\"robots\" content=\"index, follow, max-snippet:-1, max-image-preview:large, max-video-preview:-1\" \/>\n<link rel=\"canonical\" href=\"https:\/\/ntumedias-formation.fr\/en\/contact\/\" \/>\n<meta property=\"og:locale\" content=\"en_GB\" \/>\n<meta property=\"og:type\" content=\"article\" \/>\n<meta property=\"og:title\" content=\"Contact\" \/>\n<meta property=\"og:description\" content=\"Organisme de formation en PAO, Photographie, Vid\u00e9o, Photoshop, Adobe Premiere, Lightroom sur les villes de Nantes, Angers et Cholet\" \/>\n<meta property=\"og:url\" content=\"https:\/\/ntumedias-formation.fr\/en\/contact\/\" \/>\n<meta property=\"og:site_name\" content=\"NTU Medias Formation\" \/>\n<meta property=\"article:publisher\" content=\"https:\/\/www.facebook.com\/ntu.medias\/\" \/>\n<meta property=\"article:modified_time\" content=\"2025-08-21T07:34:28+00:00\" \/>\n<meta property=\"og:image\" content=\"https:\/\/ntumedias-formation.fr\/wp-content\/uploads\/2023\/12\/formation-logiciel-premiere-pro-lightroom-after-effect.jpg\" \/>\n\t<meta property=\"og:image:width\" content=\"2262\" \/>\n\t<meta property=\"og:image:height\" content=\"1269\" \/>\n\t<meta property=\"og:image:type\" content=\"image\/jpeg\" \/>\n<meta name=\"twitter:card\" content=\"summary_large_image\" \/>\n<meta name=\"twitter:label1\" content=\"Estimated reading time\" \/>\n\t<meta name=\"twitter:data1\" content=\"1 minute\" \/>\n<script type=\"application\/ld+json\" class=\"yoast-schema-graph\">{\"@context\":\"https:\/\/schema.org\",\"@graph\":[{\"@type\":\"WebPage\",\"@id\":\"https:\/\/ntumedias-formation.fr\/contact\/\",\"url\":\"https:\/\/ntumedias-formation.fr\/contact\/\",\"name\":\"Contact\",\"isPartOf\":{\"@id\":\"https:\/\/ntumedias-formation.fr\/#website\"},\"primaryImageOfPage\":{\"@id\":\"https:\/\/ntumedias-formation.fr\/contact\/#primaryimage\"},\"image\":{\"@id\":\"https:\/\/ntumedias-formation.fr\/contact\/#primaryimage\"},\"thumbnailUrl\":\"https:\/\/ntumedias-formation.fr\/wp-content\/uploads\/2023\/12\/formation-logiciel-premiere-pro-lightroom-after-effect.jpg\",\"datePublished\":\"2023-11-23T06:43:26+00:00\",\"dateModified\":\"2025-08-21T07:34:28+00:00\",\"description\":\"Gr\u00e2ces aux aides et des formations aux tarifs diversifi\u00e9s, les prix sont abordables. Contactez nous pour en savoir sur les financements.\",\"breadcrumb\":{\"@id\":\"https:\/\/ntumedias-formation.fr\/contact\/#breadcrumb\"},\"inLanguage\":\"en-GB\",\"potentialAction\":[{\"@type\":\"ReadAction\",\"target\":[\"https:\/\/ntumedias-formation.fr\/contact\/\"]}]},{\"@type\":\"ImageObject\",\"inLanguage\":\"en-GB\",\"@id\":\"https:\/\/ntumedias-formation.fr\/contact\/#primaryimage\",\"url\":\"https:\/\/ntumedias-formation.fr\/wp-content\/uploads\/2023\/12\/formation-logiciel-premiere-pro-lightroom-after-effect.jpg\",\"contentUrl\":\"https:\/\/ntumedias-formation.fr\/wp-content\/uploads\/2023\/12\/formation-logiciel-premiere-pro-lightroom-after-effect.jpg\",\"width\":2262,\"height\":1269,\"caption\":\"Formation logiciels audiovisuels Premiere pro et photoshop et lightroom\"},{\"@type\":\"BreadcrumbList\",\"@id\":\"https:\/\/ntumedias-formation.fr\/contact\/#breadcrumb\",\"itemListElement\":[{\"@type\":\"ListItem\",\"position\":1,\"name\":\"Accueil\",\"item\":\"https:\/\/ntumedias-formation.fr\/\"},{\"@type\":\"ListItem\",\"position\":2,\"name\":\"Contact\"}]},{\"@type\":\"WebSite\",\"@id\":\"https:\/\/ntumedias-formation.fr\/#website\",\"url\":\"https:\/\/ntumedias-formation.fr\/\",\"name\":\"NTU Medias formation audiovisuelle\",\"description\":\"Formation en photo et en vid\u00e9o\",\"publisher\":{\"@id\":\"https:\/\/ntumedias-formation.fr\/#organization\"},\"alternateName\":\"Formation en photo et en vid\u00e9o\",\"potentialAction\":[{\"@type\":\"SearchAction\",\"target\":{\"@type\":\"EntryPoint\",\"urlTemplate\":\"https:\/\/ntumedias-formation.fr\/?s={search_term_string}\"},\"query-input\":{\"@type\":\"PropertyValueSpecification\",\"valueRequired\":true,\"valueName\":\"search_term_string\"}}],\"inLanguage\":\"en-GB\"},{\"@type\":\"Organization\",\"@id\":\"https:\/\/ntumedias-formation.fr\/#organization\",\"name\":\"NTU M\u00e9dias\",\"alternateName\":\"institut formation photo et vid\u00e9o\",\"url\":\"https:\/\/ntumedias-formation.fr\/\",\"logo\":{\"@type\":\"ImageObject\",\"inLanguage\":\"en-GB\",\"@id\":\"https:\/\/ntumedias-formation.fr\/#\/schema\/logo\/image\/\",\"url\":\"https:\/\/ntumedias-formation.fr\/wp-content\/uploads\/2023\/09\/cropped-formation-photo-video.png\",\"contentUrl\":\"https:\/\/ntumedias-formation.fr\/wp-content\/uploads\/2023\/09\/cropped-formation-photo-video.png\",\"width\":201,\"height\":62,\"caption\":\"NTU M\u00e9dias\"},\"image\":{\"@id\":\"https:\/\/ntumedias-formation.fr\/#\/schema\/logo\/image\/\"},\"sameAs\":[\"https:\/\/www.facebook.com\/ntu.medias\/\",\"https:\/\/mastodon.social\/invite\/mwXZ8FCq\",\"https:\/\/www.linkedin.com\/in\/studio-ntu-medias-66556612a\/\"],\"description\":\"Notre organisme propose des formations professionnelles en PAO, Photographie, Vid\u00e9o, Photoshop, Adobe Premiere, Lightroom sur les r\u00e9gions de Nantes, Angers et Cholet\",\"email\":\"contact@ntumedias.com\",\"telephone\":\"0241642743\",\"legalName\":\"NTU M\u00e9dias\",\"foundingDate\":\"2014-01-01\",\"numberOfEmployees\":{\"@type\":\"QuantitativeValue\",\"minValue\":\"1\",\"maxValue\":\"10\"},\"publishingPrinciples\":\"https:\/\/ntumedias-formation.fr\/politique-de-confidentialite\/\",\"ownershipFundingInfo\":\"https:\/\/ntumedias-formation.fr\/mentions-legales\/\"}]}<\/script>\n<!-- \/ Yoast SEO Premium plugin. -->","yoast_head_json":{"title":"Contact","description":"Gr\u00e2ces aux aides et des formations aux tarifs diversifi\u00e9s, les prix sont abordables. Contactez nous pour en savoir sur les financements.","robots":{"index":"index","follow":"follow","max-snippet":"max-snippet:-1","max-image-preview":"max-image-preview:large","max-video-preview":"max-video-preview:-1"},"canonical":"https:\/\/ntumedias-formation.fr\/en\/contact\/","og_locale":"en_GB","og_type":"article","og_title":"Contact","og_description":"Organisme de formation en PAO, Photographie, Vid\u00e9o, Photoshop, Adobe Premiere, Lightroom sur les villes de Nantes, Angers et Cholet","og_url":"https:\/\/ntumedias-formation.fr\/en\/contact\/","og_site_name":"NTU Medias Formation","article_publisher":"https:\/\/www.facebook.com\/ntu.medias\/","article_modified_time":"2025-08-21T07:34:28+00:00","og_image":[{"width":2262,"height":1269,"url":"https:\/\/ntumedias-formation.fr\/wp-content\/uploads\/2023\/12\/formation-logiciel-premiere-pro-lightroom-after-effect.jpg","type":"image\/jpeg"}],"twitter_card":"summary_large_image","twitter_misc":{"Estimated reading time":"1 minute"},"schema":{"@context":"https:\/\/schema.org","@graph":[{"@type":"WebPage","@id":"https:\/\/ntumedias-formation.fr\/contact\/","url":"https:\/\/ntumedias-formation.fr\/contact\/","name":"Contact","isPartOf":{"@id":"https:\/\/ntumedias-formation.fr\/#website"},"primaryImageOfPage":{"@id":"https:\/\/ntumedias-formation.fr\/contact\/#primaryimage"},"image":{"@id":"https:\/\/ntumedias-formation.fr\/contact\/#primaryimage"},"thumbnailUrl":"https:\/\/ntumedias-formation.fr\/wp-content\/uploads\/2023\/12\/formation-logiciel-premiere-pro-lightroom-after-effect.jpg","datePublished":"2023-11-23T06:43:26+00:00","dateModified":"2025-08-21T07:34:28+00:00","description":"Gr\u00e2ces aux aides et des formations aux tarifs diversifi\u00e9s, les prix sont abordables. Contactez nous pour en savoir sur les financements.","breadcrumb":{"@id":"https:\/\/ntumedias-formation.fr\/contact\/#breadcrumb"},"inLanguage":"en-GB","potentialAction":[{"@type":"ReadAction","target":["https:\/\/ntumedias-formation.fr\/contact\/"]}]},{"@type":"ImageObject","inLanguage":"en-GB","@id":"https:\/\/ntumedias-formation.fr\/contact\/#primaryimage","url":"https:\/\/ntumedias-formation.fr\/wp-content\/uploads\/2023\/12\/formation-logiciel-premiere-pro-lightroom-after-effect.jpg","contentUrl":"https:\/\/ntumedias-formation.fr\/wp-content\/uploads\/2023\/12\/formation-logiciel-premiere-pro-lightroom-after-effect.jpg","width":2262,"height":1269,"caption":"Formation logiciels audiovisuels Premiere pro et photoshop et lightroom"},{"@type":"BreadcrumbList","@id":"https:\/\/ntumedias-formation.fr\/contact\/#breadcrumb","itemListElement":[{"@type":"ListItem","position":1,"name":"Accueil","item":"https:\/\/ntumedias-formation.fr\/"},{"@type":"ListItem","position":2,"name":"Contact"}]},{"@type":"WebSite","@id":"https:\/\/ntumedias-formation.fr\/#website","url":"https:\/\/ntumedias-formation.fr\/","name":"NTU Medias formation audiovisuelle","description":"Formation en photo et en vid\u00e9o","publisher":{"@id":"https:\/\/ntumedias-formation.fr\/#organization"},"alternateName":"Formation en photo et en vid\u00e9o","potentialAction":[{"@type":"SearchAction","target":{"@type":"EntryPoint","urlTemplate":"https:\/\/ntumedias-formation.fr\/?s={search_term_string}"},"query-input":{"@type":"PropertyValueSpecification","valueRequired":true,"valueName":"search_term_string"}}],"inLanguage":"en-GB"},{"@type":"Organization","@id":"https:\/\/ntumedias-formation.fr\/#organization","name":"NTU M\u00e9dias","alternateName":"institut formation photo et vid\u00e9o","url":"https:\/\/ntumedias-formation.fr\/","logo":{"@type":"ImageObject","inLanguage":"en-GB","@id":"https:\/\/ntumedias-formation.fr\/#\/schema\/logo\/image\/","url":"https:\/\/ntumedias-formation.fr\/wp-content\/uploads\/2023\/09\/cropped-formation-photo-video.png","contentUrl":"https:\/\/ntumedias-formation.fr\/wp-content\/uploads\/2023\/09\/cropped-formation-photo-video.png","width":201,"height":62,"caption":"NTU M\u00e9dias"},"image":{"@id":"https:\/\/ntumedias-formation.fr\/#\/schema\/logo\/image\/"},"sameAs":["https:\/\/www.facebook.com\/ntu.medias\/","https:\/\/mastodon.social\/invite\/mwXZ8FCq","https:\/\/www.linkedin.com\/in\/studio-ntu-medias-66556612a\/"],"description":"Notre organisme propose des formations professionnelles en PAO, Photographie, Vid\u00e9o, Photoshop, Adobe Premiere, Lightroom sur les r\u00e9gions de Nantes, Angers et Cholet","email":"contact@ntumedias.com","telephone":"0241642743","legalName":"NTU M\u00e9dias","foundingDate":"2014-01-01","numberOfEmployees":{"@type":"QuantitativeValue","minValue":"1","maxValue":"10"},"publishingPrinciples":"https:\/\/ntumedias-formation.fr\/politique-de-confidentialite\/","ownershipFundingInfo":"https:\/\/ntumedias-formation.fr\/mentions-legales\/"}]}},"_links":{"self":[{"href":"https:\/\/ntumedias-formation.fr\/en\/wp-json\/wp\/v2\/pages\/14","targetHints":{"allow":["GET"]}}],"collection":[{"href":"https:\/\/ntumedias-formation.fr\/en\/wp-json\/wp\/v2\/pages"}],"about":[{"href":"https:\/\/ntumedias-formation.fr\/en\/wp-json\/wp\/v2\/types\/page"}],"author":[{"embeddable":true,"href":"https:\/\/ntumedias-formation.fr\/en\/wp-json\/wp\/v2\/users\/1"}],"replies":[{"embeddable":true,"href":"https:\/\/ntumedias-formation.fr\/en\/wp-json\/wp\/v2\/comments?post=14"}],"version-history":[{"count":8,"href":"https:\/\/ntumedias-formation.fr\/en\/wp-json\/wp\/v2\/pages\/14\/revisions"}],"predecessor-version":[{"id":10189,"href":"https:\/\/ntumedias-formation.fr\/en\/wp-json\/wp\/v2\/pages\/14\/revisions\/10189"}],"wp:featuredmedia":[{"embeddable":true,"href":"https:\/\/ntumedias-formation.fr\/en\/wp-json\/wp\/v2\/media\/8535"}],"wp:attachment":[{"href":"https:\/\/ntumedias-formation.fr\/en\/wp-json\/wp\/v2\/media?parent=14"}],"curies":[{"name":"wp","href":"https:\/\/api.w.org\/{rel}","templated":true}]}}