{"id":1948,"date":"2023-12-10T17:44:15","date_gmt":"2023-12-10T16:44:15","guid":{"rendered":""},"modified":"2023-12-18T12:12:51","modified_gmt":"2023-12-18T11:12:51","slug":"profile","status":"publish","type":"page","link":"https:\/\/ntumedias-formation.fr\/en\/profile\/","title":{"rendered":"Profile"},"content":{"rendered":"","protected":false},"excerpt":{"rendered":"","protected":false},"author":1,"featured_media":7579,"parent":0,"menu_order":0,"comment_status":"open","ping_status":"closed","template":"template-parts\/vultur-profilefullwidth.php","meta":{"footnotes":""},"class_list":["post-1948","page","type-page","status-publish","has-post-thumbnail","hentry"],"yoast_head":"<!-- This site is optimized with the Yoast SEO Premium plugin v27.0 (Yoast SEO v27.0) - https:\/\/yoast.com\/product\/yoast-seo-premium-wordpress\/ -->\n<title>Profil<\/title>\n<meta name=\"description\" content=\"Initiation ou perfectionnement, nos formations en audiovisuel s\u2019adressent \u00e0 tous les niveaux, du d\u00e9butant aux confirm\u00e9 le plus exigeant.\" \/>\n<meta name=\"robots\" content=\"index, follow, max-snippet:-1, max-image-preview:large, max-video-preview:-1\" \/>\n<link rel=\"canonical\" href=\"https:\/\/ntumedias-formation.fr\/en\/profile\/\" \/>\n<meta property=\"og:locale\" content=\"en_GB\" \/>\n<meta property=\"og:type\" content=\"article\" \/>\n<meta property=\"og:title\" content=\"Profil\" \/>\n<meta property=\"og:description\" content=\"Organisme de formation en PAO, Photographie, Vid\u00e9o, Photoshop, Adobe Premiere, Lightroom sur les villes de Nantes, Angers et Cholet\" \/>\n<meta property=\"og:url\" content=\"https:\/\/ntumedias-formation.fr\/en\/profile\/\" \/>\n<meta property=\"og:site_name\" content=\"NTU Medias Formation\" \/>\n<meta property=\"article:publisher\" content=\"https:\/\/www.facebook.com\/ntu.medias\/\" \/>\n<meta property=\"article:modified_time\" content=\"2023-12-18T11:12:51+00:00\" \/>\n<meta property=\"og:image\" content=\"http:\/\/ntumedias-formation.fr\/wp-content\/uploads\/2023\/11\/Scenariste.jpg\" \/>\n\t<meta property=\"og:image:width\" content=\"1980\" \/>\n\t<meta property=\"og:image:height\" content=\"1090\" \/>\n\t<meta property=\"og:image:type\" content=\"image\/jpeg\" \/>\n<meta name=\"twitter:card\" content=\"summary_large_image\" \/>\n<script type=\"application\/ld+json\" class=\"yoast-schema-graph\">{\"@context\":\"https:\/\/schema.org\",\"@graph\":[{\"@type\":\"WebPage\",\"@id\":\"https:\/\/ntumedias-formation.fr\/profile\/\",\"url\":\"https:\/\/ntumedias-formation.fr\/profile\/\",\"name\":\"Profil\",\"isPartOf\":{\"@id\":\"https:\/\/ntumedias-formation.fr\/#website\"},\"primaryImageOfPage\":{\"@id\":\"https:\/\/ntumedias-formation.fr\/profile\/#primaryimage\"},\"image\":{\"@id\":\"https:\/\/ntumedias-formation.fr\/profile\/#primaryimage\"},\"thumbnailUrl\":\"https:\/\/ntumedias-formation.fr\/wp-content\/uploads\/2023\/11\/Scenariste.jpg\",\"datePublished\":\"2023-12-10T16:44:15+00:00\",\"dateModified\":\"2023-12-18T11:12:51+00:00\",\"description\":\"Initiation ou perfectionnement, nos formations en audiovisuel s\u2019adressent \u00e0 tous les niveaux, du d\u00e9butant aux confirm\u00e9 le plus exigeant.\",\"breadcrumb\":{\"@id\":\"https:\/\/ntumedias-formation.fr\/profile\/#breadcrumb\"},\"inLanguage\":\"en-GB\",\"potentialAction\":[{\"@type\":\"ReadAction\",\"target\":[\"https:\/\/ntumedias-formation.fr\/profile\/\"]}]},{\"@type\":\"ImageObject\",\"inLanguage\":\"en-GB\",\"@id\":\"https:\/\/ntumedias-formation.fr\/profile\/#primaryimage\",\"url\":\"https:\/\/ntumedias-formation.fr\/wp-content\/uploads\/2023\/11\/Scenariste.jpg\",\"contentUrl\":\"https:\/\/ntumedias-formation.fr\/wp-content\/uploads\/2023\/11\/Scenariste.jpg\",\"width\":1980,\"height\":1090,\"caption\":\"m\u00e9tier de l'audiovisuel\"},{\"@type\":\"BreadcrumbList\",\"@id\":\"https:\/\/ntumedias-formation.fr\/profile\/#breadcrumb\",\"itemListElement\":[{\"@type\":\"ListItem\",\"position\":1,\"name\":\"Accueil\",\"item\":\"https:\/\/ntumedias-formation.fr\/\"},{\"@type\":\"ListItem\",\"position\":2,\"name\":\"Profil\"}]},{\"@type\":\"WebSite\",\"@id\":\"https:\/\/ntumedias-formation.fr\/#website\",\"url\":\"https:\/\/ntumedias-formation.fr\/\",\"name\":\"NTU Medias formation audiovisuelle\",\"description\":\"Formation en photo et en vid\u00e9o\",\"publisher\":{\"@id\":\"https:\/\/ntumedias-formation.fr\/#organization\"},\"alternateName\":\"Formation en photo et en vid\u00e9o\",\"potentialAction\":[{\"@type\":\"SearchAction\",\"target\":{\"@type\":\"EntryPoint\",\"urlTemplate\":\"https:\/\/ntumedias-formation.fr\/?s={search_term_string}\"},\"query-input\":{\"@type\":\"PropertyValueSpecification\",\"valueRequired\":true,\"valueName\":\"search_term_string\"}}],\"inLanguage\":\"en-GB\"},{\"@type\":\"Organization\",\"@id\":\"https:\/\/ntumedias-formation.fr\/#organization\",\"name\":\"NTU M\u00e9dias\",\"alternateName\":\"institut formation photo et vid\u00e9o\",\"url\":\"https:\/\/ntumedias-formation.fr\/\",\"logo\":{\"@type\":\"ImageObject\",\"inLanguage\":\"en-GB\",\"@id\":\"https:\/\/ntumedias-formation.fr\/#\/schema\/logo\/image\/\",\"url\":\"https:\/\/ntumedias-formation.fr\/wp-content\/uploads\/2023\/09\/cropped-formation-photo-video.png\",\"contentUrl\":\"https:\/\/ntumedias-formation.fr\/wp-content\/uploads\/2023\/09\/cropped-formation-photo-video.png\",\"width\":201,\"height\":62,\"caption\":\"NTU M\u00e9dias\"},\"image\":{\"@id\":\"https:\/\/ntumedias-formation.fr\/#\/schema\/logo\/image\/\"},\"sameAs\":[\"https:\/\/www.facebook.com\/ntu.medias\/\",\"https:\/\/mastodon.social\/invite\/mwXZ8FCq\",\"https:\/\/www.linkedin.com\/in\/studio-ntu-medias-66556612a\/\"],\"description\":\"Notre organisme propose des formations professionnelles en PAO, Photographie, Vid\u00e9o, Photoshop, Adobe Premiere, Lightroom sur les r\u00e9gions de Nantes, Angers et Cholet\",\"email\":\"contact@ntumedias.com\",\"telephone\":\"0241642743\",\"legalName\":\"NTU M\u00e9dias\",\"foundingDate\":\"2014-01-01\",\"numberOfEmployees\":{\"@type\":\"QuantitativeValue\",\"minValue\":\"1\",\"maxValue\":\"10\"},\"publishingPrinciples\":\"https:\/\/ntumedias-formation.fr\/politique-de-confidentialite\/\",\"ownershipFundingInfo\":\"https:\/\/ntumedias-formation.fr\/mentions-legales\/\"}]}<\/script>\n<!-- \/ Yoast SEO Premium plugin. -->","yoast_head_json":{"title":"Profile","description":"Initiation or improvement, our audiovisual training courses are aimed at all levels, from beginners to the most demanding advanced.","robots":{"index":"index","follow":"follow","max-snippet":"max-snippet:-1","max-image-preview":"max-image-preview:large","max-video-preview":"max-video-preview:-1"},"canonical":"https:\/\/ntumedias-formation.fr\/en\/profile\/","og_locale":"en_GB","og_type":"article","og_title":"Profil","og_description":"Organisme de formation en PAO, Photographie, Vid\u00e9o, Photoshop, Adobe Premiere, Lightroom sur les villes de Nantes, Angers et Cholet","og_url":"https:\/\/ntumedias-formation.fr\/en\/profile\/","og_site_name":"NTU Medias Formation","article_publisher":"https:\/\/www.facebook.com\/ntu.medias\/","article_modified_time":"2023-12-18T11:12:51+00:00","og_image":[{"width":1980,"height":1090,"url":"http:\/\/ntumedias-formation.fr\/wp-content\/uploads\/2023\/11\/Scenariste.jpg","type":"image\/jpeg"}],"twitter_card":"summary_large_image","schema":{"@context":"https:\/\/schema.org","@graph":[{"@type":"WebPage","@id":"https:\/\/ntumedias-formation.fr\/profile\/","url":"https:\/\/ntumedias-formation.fr\/profile\/","name":"Profile","isPartOf":{"@id":"https:\/\/ntumedias-formation.fr\/#website"},"primaryImageOfPage":{"@id":"https:\/\/ntumedias-formation.fr\/profile\/#primaryimage"},"image":{"@id":"https:\/\/ntumedias-formation.fr\/profile\/#primaryimage"},"thumbnailUrl":"https:\/\/ntumedias-formation.fr\/wp-content\/uploads\/2023\/11\/Scenariste.jpg","datePublished":"2023-12-10T16:44:15+00:00","dateModified":"2023-12-18T11:12:51+00:00","description":"Initiation or improvement, our audiovisual training courses are aimed at all levels, from beginners to the most demanding advanced.","breadcrumb":{"@id":"https:\/\/ntumedias-formation.fr\/profile\/#breadcrumb"},"inLanguage":"en-GB","potentialAction":[{"@type":"ReadAction","target":["https:\/\/ntumedias-formation.fr\/profile\/"]}]},{"@type":"ImageObject","inLanguage":"en-GB","@id":"https:\/\/ntumedias-formation.fr\/profile\/#primaryimage","url":"https:\/\/ntumedias-formation.fr\/wp-content\/uploads\/2023\/11\/Scenariste.jpg","contentUrl":"https:\/\/ntumedias-formation.fr\/wp-content\/uploads\/2023\/11\/Scenariste.jpg","width":1980,"height":1090,"caption":"m\u00e9tier de l'audiovisuel"},{"@type":"BreadcrumbList","@id":"https:\/\/ntumedias-formation.fr\/profile\/#breadcrumb","itemListElement":[{"@type":"ListItem","position":1,"name":"Accueil","item":"https:\/\/ntumedias-formation.fr\/"},{"@type":"ListItem","position":2,"name":"Profil"}]},{"@type":"WebSite","@id":"https:\/\/ntumedias-formation.fr\/#website","url":"https:\/\/ntumedias-formation.fr\/","name":"NTU Medias formation audiovisuelle","description":"Formation en photo et en vid\u00e9o","publisher":{"@id":"https:\/\/ntumedias-formation.fr\/#organization"},"alternateName":"Formation en photo et en vid\u00e9o","potentialAction":[{"@type":"SearchAction","target":{"@type":"EntryPoint","urlTemplate":"https:\/\/ntumedias-formation.fr\/?s={search_term_string}"},"query-input":{"@type":"PropertyValueSpecification","valueRequired":true,"valueName":"search_term_string"}}],"inLanguage":"en-GB"},{"@type":"Organization","@id":"https:\/\/ntumedias-formation.fr\/#organization","name":"NTU M\u00e9dias","alternateName":"institut formation photo et vid\u00e9o","url":"https:\/\/ntumedias-formation.fr\/","logo":{"@type":"ImageObject","inLanguage":"en-GB","@id":"https:\/\/ntumedias-formation.fr\/#\/schema\/logo\/image\/","url":"https:\/\/ntumedias-formation.fr\/wp-content\/uploads\/2023\/09\/cropped-formation-photo-video.png","contentUrl":"https:\/\/ntumedias-formation.fr\/wp-content\/uploads\/2023\/09\/cropped-formation-photo-video.png","width":201,"height":62,"caption":"NTU M\u00e9dias"},"image":{"@id":"https:\/\/ntumedias-formation.fr\/#\/schema\/logo\/image\/"},"sameAs":["https:\/\/www.facebook.com\/ntu.medias\/","https:\/\/mastodon.social\/invite\/mwXZ8FCq","https:\/\/www.linkedin.com\/in\/studio-ntu-medias-66556612a\/"],"description":"Notre organisme propose des formations professionnelles en PAO, Photographie, Vid\u00e9o, Photoshop, Adobe Premiere, Lightroom sur les r\u00e9gions de Nantes, Angers et Cholet","email":"contact@ntumedias.com","telephone":"0241642743","legalName":"NTU M\u00e9dias","foundingDate":"2014-01-01","numberOfEmployees":{"@type":"QuantitativeValue","minValue":"1","maxValue":"10"},"publishingPrinciples":"https:\/\/ntumedias-formation.fr\/politique-de-confidentialite\/","ownershipFundingInfo":"https:\/\/ntumedias-formation.fr\/mentions-legales\/"}]}},"_links":{"self":[{"href":"https:\/\/ntumedias-formation.fr\/en\/wp-json\/wp\/v2\/pages\/1948","targetHints":{"allow":["GET"]}}],"collection":[{"href":"https:\/\/ntumedias-formation.fr\/en\/wp-json\/wp\/v2\/pages"}],"about":[{"href":"https:\/\/ntumedias-formation.fr\/en\/wp-json\/wp\/v2\/types\/page"}],"author":[{"embeddable":true,"href":"https:\/\/ntumedias-formation.fr\/en\/wp-json\/wp\/v2\/users\/1"}],"replies":[{"embeddable":true,"href":"https:\/\/ntumedias-formation.fr\/en\/wp-json\/wp\/v2\/comments?post=1948"}],"version-history":[{"count":1,"href":"https:\/\/ntumedias-formation.fr\/en\/wp-json\/wp\/v2\/pages\/1948\/revisions"}],"predecessor-version":[{"id":8806,"href":"https:\/\/ntumedias-formation.fr\/en\/wp-json\/wp\/v2\/pages\/1948\/revisions\/8806"}],"wp:featuredmedia":[{"embeddable":true,"href":"https:\/\/ntumedias-formation.fr\/en\/wp-json\/wp\/v2\/media\/7579"}],"wp:attachment":[{"href":"https:\/\/ntumedias-formation.fr\/en\/wp-json\/wp\/v2\/media?parent=1948"}],"curies":[{"name":"wp","href":"https:\/\/api.w.org\/{rel}","templated":true}]}}