{"id":834,"date":"2023-11-17T07:59:48","date_gmt":"2023-11-17T06:59:48","guid":{"rendered":""},"modified":"2023-12-18T12:22:17","modified_gmt":"2023-12-18T11:22:17","slug":"faq","status":"publish","type":"page","link":"https:\/\/ntumedias-formation.fr\/en\/faq\/","title":{"rendered":"Frequently asked questions"},"content":{"rendered":"<p><section class=\"fw-main-row\"  >\n\t<div class=\"fw-container\">\n\t\t<div class=\"fw-row\">\n\t<div class=\"fw-col-xs-12\">\n\t\n\t<div class=\"fw-divider-space\" style=\"padding-top: 80px;\"><\/div>\n<\/div>\n<\/div>\n\n<div class=\"fw-row\">\n\t<div class=\"fw-col-xs-12\">\n\t       \n    <div class=\"row position-left\">\n        <div class=\"col-lg-12\">\n            <div class=\"section-title\">\n                                <h2>How Can We Help You Today?<\/h2>\n                            <\/div>\n        <\/div>\n    <\/div>\n\n<\/div>\n<\/div>\n\n<div class=\"fw-row\">\n\t<div class=\"fw-col-xs-12\">\n\t\n\t<div class=\"fw-divider-space\" style=\"padding-top: 30px;\"><\/div>\n<\/div>\n<\/div>\n\n<div class=\"fw-row\">\n\t<div class=\"fw-col-xs-12 fw-col-sm-3\">\n\t<span class=\"fw-icon\">\n\t<i class=\"fa fa-area-chart\"><\/i>\n\t\t\t<br\/>\n\t\t<span class=\"list-title\">Email Marketing<\/span>\n\t<\/span><\/div>\n<div class=\"fw-col-xs-12 fw-col-sm-3\">\n\t<span class=\"fw-icon\">\n\t<i class=\"fa fa-comments\"><\/i>\n\t\t\t<br\/>\n\t\t<span class=\"list-title\">Social Media<\/span>\n\t<\/span><\/div>\n<div class=\"fw-col-xs-12 fw-col-sm-3\">\n\t<span class=\"fw-icon\">\n\t<i class=\"fa fa-binoculars\"><\/i>\n\t\t\t<br\/>\n\t\t<span class=\"list-title\">Search engine<\/span>\n\t<\/span><\/div>\n<div class=\"fw-col-xs-12 fw-col-sm-3\">\n\t<span class=\"fw-icon\">\n\t<i class=\"fa fa-mortar-board\"><\/i>\n\t\t\t<br\/>\n\t\t<span class=\"list-title\">Teacher Support<\/span>\n\t<\/span><\/div>\n<\/div>\n\n\t<\/div>\n<\/section>\n<section class=\"fw-main-row\"  >\n\t<div class=\"fw-container\">\n\t\t<div class=\"fw-row\">\n\t<div class=\"fw-col-xs-12\">\n\t\n\t<div class=\"fw-divider-space\" style=\"padding-top: 80px;\"><\/div>\n<\/div>\n<\/div>\n\n<div class=\"fw-row\">\n\t<div class=\"fw-col-xs-12 fw-col-sm-6\">\n\t<img decoding=\"async\" src=\"\/\/ntumedias-formation.fr\/wp-content\/uploads\/2019\/10\/student-friends-studying-together-UNCHR5E.jpg\" alt=\"\/\/ntumedias-formation.fr\/wp-content\/uploads\/2019\/10\/student-friends-studying-together-UNCHR5E.jpg\" \/><\/div>\n<div class=\"fw-col-xs-12 fw-col-sm-6\">\n\t<h5>01. How to Purchase License of this Product?<\/h5><p>Learn from any location in the world. Study at a time and place that suits your schedule. Take complete control over your education Learn from.<\/p><h5>02. How browsing and membership works?<\/h5><p>Learn from any location in the world. Study at a time and place that suits your schedule. Take complete control over your education.<\/p><h5>03. How to Manage your Own Dashboard?<\/h5><p>Learn from any location in the world. Study at a time and place that suits your schedule. Take complete control over your education.<\/p><\/div>\n<\/div>\n\n<div class=\"fw-row\">\n\t<div class=\"fw-col-xs-12\">\n\t\n\t<div class=\"fw-divider-space\" style=\"padding-top: 80px;\"><\/div>\n<\/div>\n<\/div>\n\n\t<\/div>\n<\/section>\n<section class=\"fw-main-row\"  >\n\t<div class=\"fw-container\">\n\t\t<div class=\"fw-row\">\n\t<div class=\"fw-col-xs-12\">\n\t\n\t<div class=\"fw-divider-space\" style=\"padding-top: 40px;\"><\/div>\n<\/div>\n<\/div>\n\n<div class=\"fw-row\">\n\t<div class=\"fw-col-xs-12 fw-col-sm-6\">\n\t<div class=\"fw-accordion\">\n\t\t\t<h3 class=\"fw-accordion-title\">How to buy Courses?<\/h3>\n\t\t<div class=\"fw-accordion-content\">\n\t\t\t<p>Learn from any location in the world. Study at a time and place that suits your schedule. Take complete control over your education.<\/p>\n\t\t<\/div>\n\t\t\t<h3 class=\"fw-accordion-title\">How much does a website cost?<\/h3>\n\t\t<div class=\"fw-accordion-content\">\n\t\t\t<p>Learn from any location in the world. Study at a time and place that suits your schedule. Take complete control over your education.<\/p>\n\t\t<\/div>\n\t\t\t<h3 class=\"fw-accordion-title\">How to manage?<\/h3>\n\t\t<div class=\"fw-accordion-content\">\n\t\t\t<p>Learn from any location in the world. Study at a time and place that suits your schedule. Take complete control over your education.<\/p>\n\t\t<\/div>\n\t<\/div><\/div>\n<div class=\"fw-col-xs-12 fw-col-sm-6\">\n\t<div class=\"fw-tabs-container\" id=\"fw-tabs-69db7111613d9\">\n\t<div class=\"fw-tabs\">\n\t\t<ul>\n\t\t\t\t\t\t\t<li><a href=\"#fw-tabs-69db7111613d9-1\">How to buy Courses<\/a><\/li>\n\t\t\t\t\t\t\t<li><a href=\"#fw-tabs-69db7111613d9-2\">How to manage<\/a><\/li>\n\t\t\t\t\t<\/ul>\n\t<\/div>\n\t\t\t<div class=\"fw-tab-content\" id=\"fw-tabs-69db7111613d9-1\">\n\t\t\t<p>Learn from any location in the world. Study at a time and place that suits your schedule. Take complete control over your education. Learn from any location in the world. Study at a time and place that suits your schedule. Take complete control over your education.<\/p>\n\t\t<\/div>\n\t\t\t<div class=\"fw-tab-content\" id=\"fw-tabs-69db7111613d9-2\">\n\t\t\t<p>Complete from any location in the world. Study at a time and place that suits your schedule. Take complete control over your education.<\/p>\n\t\t<\/div>\n\t<\/div><\/div>\n<\/div>\n\n\t<\/div>\n<\/section>\n<section class=\"fw-main-row\"  >\n\t<div class=\"fw-container-fluid\">\n\t\t<div class=\"fw-row\">\n\t<div class=\"fw-col-xs-12\">\n\t\n<div class=\"features layout1\">\n\n<div class=\"courses wrap-bg\">\n\n\n        <div class=\"container\">\n        \n\t        \n                \n            \n                                <div class=\"row position-center\">\n                        <div class=\"col-lg-12\">\n                            <div class=\"section-title with-p color-dark\">\n                                                                    <div class=\"intro-title\">contact<\/div>\n                                                                <h2>We&#039;re Here to Help You<\/h2>\n                                                            <\/div>\n                        <\/div>\n                    <\/div>\n            \n\t        \n        <div class=\"row\">\n         \t\t\t\t\t\t\t\t\t\t\t\t\t\t\t\t\t\t<div class=\"col-xs-12 col-sm-12 col-sm-4 col-md-4 col-lg-4\">\n\t\t\t\t\t\t\t\t\t\t\t\t\n\t\t\t\t\t\t\t\t\t\t\t\t\t\t<div class=\"single-features-light animte-top text-center\">\n\t\t\t\t\t\t\t\t<div class=\"move\">\n\t\t\t\t\t\t\t\t\t<i class=\"secondary-color fa fa-android fa-3x\"><\/i>\n\t\t\t\t\t\t\t\t\t<h5>Android Support<\/h5>\n\t\t\t\t\t\t\t\t\t<p>Learn from any location in the world. Study at a time and place that follows your schedule Study course at a time.<\/p>\t\t\t\t\t\t\t\t\t\t\t\t\t\t\t\t\t\t\t<div class=\"feature_link\">\n\t\t\t\t\t\t\t\t\t\t\t<a href=\"https:\/\/themeforest.net\/item\/vultur-lms-education-wordpress\/25089697\" >\n\t\t\t\t\t\t\t\t\t\t\t\tvisit us <i class=\"fas fa-arrow-right\"><\/i><\/a>\n\t\t\t\t\t\t\t\t\t\t<\/div>\n\t\t\t\t\t\t\t\t\t\t\t\t\t\t\t\t\t<\/div>\n\t\t\t\t\t\t\t<\/div>\n\t\t\t\t\t\t\t\t\t\t\t\t\t\t\n\t\t\t\t\t\t\t\n\t\t\t\t\t\t\t\n                            \n                            \n\n                    <\/div>\n                \t\t\t\t\t\t\t\t\t\t\t\t\t\t\t\t\t\t<div class=\"col-xs-12 col-sm-12 col-sm-4 col-md-4 col-lg-4\">\n\t\t\t\t\t\t\t\t\t\t\t\t\n\t\t\t\t\t\t\t\t\t\t\t\t\t\t<div class=\"single-features-light animte-top text-center\">\n\t\t\t\t\t\t\t\t<div class=\"move\">\n\t\t\t\t\t\t\t\t\t<i class=\"secondary-color fa fa-amazon fa-3x\"><\/i>\n\t\t\t\t\t\t\t\t\t<h5>Amazon Shopping<\/h5>\n\t\t\t\t\t\t\t\t\t<p>Learn from any location in the world. Study at a time and place that follows your schedule Study course at a time.<\/p>\t\t\t\t\t\t\t\t\t\t\t\t\t\t\t\t\t\t\t<div class=\"feature_link\">\n\t\t\t\t\t\t\t\t\t\t\t<a href=\"https:\/\/themeforest.net\/item\/vultur-lms-education-wordpress\/25089697\" >\n\t\t\t\t\t\t\t\t\t\t\t\tvisit us <i class=\"fas fa-arrow-right\"><\/i><\/a>\n\t\t\t\t\t\t\t\t\t\t<\/div>\n\t\t\t\t\t\t\t\t\t\t\t\t\t\t\t\t\t<\/div>\n\t\t\t\t\t\t\t<\/div>\n\t\t\t\t\t\t\t\t\t\t\t\t\t\t\n\t\t\t\t\t\t\t\n\t\t\t\t\t\t\t\n                            \n                            \n\n                    <\/div>\n                \t\t\t\t\t\t\t\t\t\t\t\t\t\t\t\t\t\t<div class=\"col-xs-12 col-sm-12 col-sm-4 col-md-4 col-lg-4\">\n\t\t\t\t\t\t\t\t\t\t\t\t\n\t\t\t\t\t\t\t\t\t\t\t\t\t\t<div class=\"single-features-light animte-top text-center\">\n\t\t\t\t\t\t\t\t<div class=\"move\">\n\t\t\t\t\t\t\t\t\t<i class=\"secondary-color fa fa-wechat fa-3x\"><\/i>\n\t\t\t\t\t\t\t\t\t<h5>Communication<\/h5>\n\t\t\t\t\t\t\t\t\t<p>Learn from any location in the world. Study at a time and place that follows your schedule Study course at a time.<\/p>\t\t\t\t\t\t\t\t\t\t\t\t\t\t\t\t\t\t\t<div class=\"feature_link\">\n\t\t\t\t\t\t\t\t\t\t\t<a href=\"https:\/\/themeforest.net\/item\/vultur-lms-education-wordpress\/25089697\" >\n\t\t\t\t\t\t\t\t\t\t\t\tvisit us <i class=\"fas fa-arrow-right\"><\/i><\/a>\n\t\t\t\t\t\t\t\t\t\t<\/div>\n\t\t\t\t\t\t\t\t\t\t\t\t\t\t\t\t\t<\/div>\n\t\t\t\t\t\t\t<\/div>\n\t\t\t\t\t\t\t\t\t\t\t\t\t\t\n\t\t\t\t\t\t\t\n\t\t\t\t\t\t\t\n                            \n                            \n\n                    <\/div>\n                        <\/div>\n    <\/div>\n<\/div>\n<\/div><\/div>\n<\/div>\n\n\t<\/div>\n<\/section>\n<\/p>","protected":false},"excerpt":{"rendered":"<p>How Can We Help You Today? Email Marketing Social Media Search Engine Teacher Support 01. How to Purchase Licence of [&hellip;]<\/p>\n","protected":false},"author":1,"featured_media":3097,"parent":0,"menu_order":0,"comment_status":"closed","ping_status":"closed","template":"template-parts\/vultur-pagefullwidth.php","meta":{"footnotes":""},"class_list":["post-834","page","type-page","status-publish","has-post-thumbnail","hentry"],"yoast_head":"<!-- This site is optimized with the Yoast SEO Premium plugin v27.0 (Yoast SEO v27.0) - https:\/\/yoast.com\/product\/yoast-seo-premium-wordpress\/ -->\n<title>Les questions fr\u00e9quentes<\/title>\n<meta name=\"description\" content=\"Vous avez probablement des questions sur les formations. Quand ? comment ? pourquoi ? on tente ici d&#039;y r\u00e9pondre.\" \/>\n<meta name=\"robots\" content=\"index, follow, max-snippet:-1, max-image-preview:large, max-video-preview:-1\" \/>\n<link rel=\"canonical\" href=\"https:\/\/ntumedias-formation.fr\/en\/faq\/\" \/>\n<meta property=\"og:locale\" content=\"en_GB\" \/>\n<meta property=\"og:type\" content=\"article\" \/>\n<meta property=\"og:title\" content=\"Les questions fr\u00e9quentes\" \/>\n<meta property=\"og:description\" content=\"Organisme de formation en PAO, Photographie, Vid\u00e9o, Photoshop, Adobe Premiere, Lightroom sur les villes de Nantes, Angers et Cholet\" \/>\n<meta property=\"og:url\" content=\"https:\/\/ntumedias-formation.fr\/en\/faq\/\" \/>\n<meta property=\"og:site_name\" content=\"NTU Medias Formation\" \/>\n<meta property=\"article:publisher\" content=\"https:\/\/www.facebook.com\/ntu.medias\/\" \/>\n<meta property=\"article:modified_time\" content=\"2023-12-18T11:22:17+00:00\" \/>\n<meta property=\"og:image\" content=\"http:\/\/ntumedias-formation.fr\/wp-content\/uploads\/2019\/07\/2.jpg\" \/>\n\t<meta property=\"og:image:width\" content=\"730\" \/>\n\t<meta property=\"og:image:height\" content=\"450\" \/>\n\t<meta property=\"og:image:type\" content=\"image\/jpeg\" \/>\n<meta name=\"twitter:card\" content=\"summary_large_image\" \/>\n<meta name=\"twitter:label1\" content=\"Estimated reading time\" \/>\n\t<meta name=\"twitter:data1\" content=\"2 minutes\" \/>\n<script type=\"application\/ld+json\" class=\"yoast-schema-graph\">{\"@context\":\"https:\/\/schema.org\",\"@graph\":[{\"@type\":\"WebPage\",\"@id\":\"https:\/\/ntumedias-formation.fr\/faq\/\",\"url\":\"https:\/\/ntumedias-formation.fr\/faq\/\",\"name\":\"Les questions fr\u00e9quentes\",\"isPartOf\":{\"@id\":\"https:\/\/ntumedias-formation.fr\/#website\"},\"primaryImageOfPage\":{\"@id\":\"https:\/\/ntumedias-formation.fr\/faq\/#primaryimage\"},\"image\":{\"@id\":\"https:\/\/ntumedias-formation.fr\/faq\/#primaryimage\"},\"thumbnailUrl\":\"https:\/\/ntumedias-formation.fr\/wp-content\/uploads\/2019\/07\/2.jpg\",\"datePublished\":\"2023-11-17T06:59:48+00:00\",\"dateModified\":\"2023-12-18T11:22:17+00:00\",\"description\":\"Vous avez probablement des questions sur les formations. Quand ? comment ? pourquoi ? on tente ici d'y r\u00e9pondre.\",\"breadcrumb\":{\"@id\":\"https:\/\/ntumedias-formation.fr\/faq\/#breadcrumb\"},\"inLanguage\":\"en-GB\",\"potentialAction\":[{\"@type\":\"ReadAction\",\"target\":[\"https:\/\/ntumedias-formation.fr\/faq\/\"]}]},{\"@type\":\"ImageObject\",\"inLanguage\":\"en-GB\",\"@id\":\"https:\/\/ntumedias-formation.fr\/faq\/#primaryimage\",\"url\":\"https:\/\/ntumedias-formation.fr\/wp-content\/uploads\/2019\/07\/2.jpg\",\"contentUrl\":\"https:\/\/ntumedias-formation.fr\/wp-content\/uploads\/2019\/07\/2.jpg\",\"width\":730,\"height\":450,\"caption\":\"\u00e9tudiants question formation\"},{\"@type\":\"BreadcrumbList\",\"@id\":\"https:\/\/ntumedias-formation.fr\/faq\/#breadcrumb\",\"itemListElement\":[{\"@type\":\"ListItem\",\"position\":1,\"name\":\"Accueil\",\"item\":\"https:\/\/ntumedias-formation.fr\/\"},{\"@type\":\"ListItem\",\"position\":2,\"name\":\"Les questions fr\u00e9quentes\"}]},{\"@type\":\"WebSite\",\"@id\":\"https:\/\/ntumedias-formation.fr\/#website\",\"url\":\"https:\/\/ntumedias-formation.fr\/\",\"name\":\"NTU Medias formation audiovisuelle\",\"description\":\"Formation en photo et en vid\u00e9o\",\"publisher\":{\"@id\":\"https:\/\/ntumedias-formation.fr\/#organization\"},\"alternateName\":\"Formation en photo et en vid\u00e9o\",\"potentialAction\":[{\"@type\":\"SearchAction\",\"target\":{\"@type\":\"EntryPoint\",\"urlTemplate\":\"https:\/\/ntumedias-formation.fr\/?s={search_term_string}\"},\"query-input\":{\"@type\":\"PropertyValueSpecification\",\"valueRequired\":true,\"valueName\":\"search_term_string\"}}],\"inLanguage\":\"en-GB\"},{\"@type\":\"Organization\",\"@id\":\"https:\/\/ntumedias-formation.fr\/#organization\",\"name\":\"NTU M\u00e9dias\",\"alternateName\":\"institut formation photo et vid\u00e9o\",\"url\":\"https:\/\/ntumedias-formation.fr\/\",\"logo\":{\"@type\":\"ImageObject\",\"inLanguage\":\"en-GB\",\"@id\":\"https:\/\/ntumedias-formation.fr\/#\/schema\/logo\/image\/\",\"url\":\"https:\/\/ntumedias-formation.fr\/wp-content\/uploads\/2023\/09\/cropped-formation-photo-video.png\",\"contentUrl\":\"https:\/\/ntumedias-formation.fr\/wp-content\/uploads\/2023\/09\/cropped-formation-photo-video.png\",\"width\":201,\"height\":62,\"caption\":\"NTU M\u00e9dias\"},\"image\":{\"@id\":\"https:\/\/ntumedias-formation.fr\/#\/schema\/logo\/image\/\"},\"sameAs\":[\"https:\/\/www.facebook.com\/ntu.medias\/\",\"https:\/\/mastodon.social\/invite\/mwXZ8FCq\",\"https:\/\/www.linkedin.com\/in\/studio-ntu-medias-66556612a\/\"],\"description\":\"Notre organisme propose des formations professionnelles en PAO, Photographie, Vid\u00e9o, Photoshop, Adobe Premiere, Lightroom sur les r\u00e9gions de Nantes, Angers et Cholet\",\"email\":\"contact@ntumedias.com\",\"telephone\":\"0241642743\",\"legalName\":\"NTU M\u00e9dias\",\"foundingDate\":\"2014-01-01\",\"numberOfEmployees\":{\"@type\":\"QuantitativeValue\",\"minValue\":\"1\",\"maxValue\":\"10\"},\"publishingPrinciples\":\"https:\/\/ntumedias-formation.fr\/politique-de-confidentialite\/\",\"ownershipFundingInfo\":\"https:\/\/ntumedias-formation.fr\/mentions-legales\/\"}]}<\/script>\n<!-- \/ Yoast SEO Premium plugin. -->","yoast_head_json":{"title":"Frequently asked questions","description":"Vous avez probablement des questions sur les formations. Quand ? comment ? pourquoi ? on tente ici d'y r\u00e9pondre.","robots":{"index":"index","follow":"follow","max-snippet":"max-snippet:-1","max-image-preview":"max-image-preview:large","max-video-preview":"max-video-preview:-1"},"canonical":"https:\/\/ntumedias-formation.fr\/en\/faq\/","og_locale":"en_GB","og_type":"article","og_title":"Les questions fr\u00e9quentes","og_description":"Organisme de formation en PAO, Photographie, Vid\u00e9o, Photoshop, Adobe Premiere, Lightroom sur les villes de Nantes, Angers et Cholet","og_url":"https:\/\/ntumedias-formation.fr\/en\/faq\/","og_site_name":"NTU Medias Formation","article_publisher":"https:\/\/www.facebook.com\/ntu.medias\/","article_modified_time":"2023-12-18T11:22:17+00:00","og_image":[{"width":730,"height":450,"url":"http:\/\/ntumedias-formation.fr\/wp-content\/uploads\/2019\/07\/2.jpg","type":"image\/jpeg"}],"twitter_card":"summary_large_image","twitter_misc":{"Estimated reading time":"2 minutes"},"schema":{"@context":"https:\/\/schema.org","@graph":[{"@type":"WebPage","@id":"https:\/\/ntumedias-formation.fr\/faq\/","url":"https:\/\/ntumedias-formation.fr\/faq\/","name":"Frequently asked questions","isPartOf":{"@id":"https:\/\/ntumedias-formation.fr\/#website"},"primaryImageOfPage":{"@id":"https:\/\/ntumedias-formation.fr\/faq\/#primaryimage"},"image":{"@id":"https:\/\/ntumedias-formation.fr\/faq\/#primaryimage"},"thumbnailUrl":"https:\/\/ntumedias-formation.fr\/wp-content\/uploads\/2019\/07\/2.jpg","datePublished":"2023-11-17T06:59:48+00:00","dateModified":"2023-12-18T11:22:17+00:00","description":"Vous avez probablement des questions sur les formations. Quand ? comment ? pourquoi ? on tente ici d'y r\u00e9pondre.","breadcrumb":{"@id":"https:\/\/ntumedias-formation.fr\/faq\/#breadcrumb"},"inLanguage":"en-GB","potentialAction":[{"@type":"ReadAction","target":["https:\/\/ntumedias-formation.fr\/faq\/"]}]},{"@type":"ImageObject","inLanguage":"en-GB","@id":"https:\/\/ntumedias-formation.fr\/faq\/#primaryimage","url":"https:\/\/ntumedias-formation.fr\/wp-content\/uploads\/2019\/07\/2.jpg","contentUrl":"https:\/\/ntumedias-formation.fr\/wp-content\/uploads\/2019\/07\/2.jpg","width":730,"height":450,"caption":"\u00e9tudiants question formation"},{"@type":"BreadcrumbList","@id":"https:\/\/ntumedias-formation.fr\/faq\/#breadcrumb","itemListElement":[{"@type":"ListItem","position":1,"name":"Accueil","item":"https:\/\/ntumedias-formation.fr\/"},{"@type":"ListItem","position":2,"name":"Les questions fr\u00e9quentes"}]},{"@type":"WebSite","@id":"https:\/\/ntumedias-formation.fr\/#website","url":"https:\/\/ntumedias-formation.fr\/","name":"NTU Medias formation audiovisuelle","description":"Formation en photo et en vid\u00e9o","publisher":{"@id":"https:\/\/ntumedias-formation.fr\/#organization"},"alternateName":"Formation en photo et en vid\u00e9o","potentialAction":[{"@type":"SearchAction","target":{"@type":"EntryPoint","urlTemplate":"https:\/\/ntumedias-formation.fr\/?s={search_term_string}"},"query-input":{"@type":"PropertyValueSpecification","valueRequired":true,"valueName":"search_term_string"}}],"inLanguage":"en-GB"},{"@type":"Organization","@id":"https:\/\/ntumedias-formation.fr\/#organization","name":"NTU M\u00e9dias","alternateName":"institut formation photo et vid\u00e9o","url":"https:\/\/ntumedias-formation.fr\/","logo":{"@type":"ImageObject","inLanguage":"en-GB","@id":"https:\/\/ntumedias-formation.fr\/#\/schema\/logo\/image\/","url":"https:\/\/ntumedias-formation.fr\/wp-content\/uploads\/2023\/09\/cropped-formation-photo-video.png","contentUrl":"https:\/\/ntumedias-formation.fr\/wp-content\/uploads\/2023\/09\/cropped-formation-photo-video.png","width":201,"height":62,"caption":"NTU M\u00e9dias"},"image":{"@id":"https:\/\/ntumedias-formation.fr\/#\/schema\/logo\/image\/"},"sameAs":["https:\/\/www.facebook.com\/ntu.medias\/","https:\/\/mastodon.social\/invite\/mwXZ8FCq","https:\/\/www.linkedin.com\/in\/studio-ntu-medias-66556612a\/"],"description":"Notre organisme propose des formations professionnelles en PAO, Photographie, Vid\u00e9o, Photoshop, Adobe Premiere, Lightroom sur les r\u00e9gions de Nantes, Angers et Cholet","email":"contact@ntumedias.com","telephone":"0241642743","legalName":"NTU M\u00e9dias","foundingDate":"2014-01-01","numberOfEmployees":{"@type":"QuantitativeValue","minValue":"1","maxValue":"10"},"publishingPrinciples":"https:\/\/ntumedias-formation.fr\/politique-de-confidentialite\/","ownershipFundingInfo":"https:\/\/ntumedias-formation.fr\/mentions-legales\/"}]}},"_links":{"self":[{"href":"https:\/\/ntumedias-formation.fr\/en\/wp-json\/wp\/v2\/pages\/834","targetHints":{"allow":["GET"]}}],"collection":[{"href":"https:\/\/ntumedias-formation.fr\/en\/wp-json\/wp\/v2\/pages"}],"about":[{"href":"https:\/\/ntumedias-formation.fr\/en\/wp-json\/wp\/v2\/types\/page"}],"author":[{"embeddable":true,"href":"https:\/\/ntumedias-formation.fr\/en\/wp-json\/wp\/v2\/users\/1"}],"replies":[{"embeddable":true,"href":"https:\/\/ntumedias-formation.fr\/en\/wp-json\/wp\/v2\/comments?post=834"}],"version-history":[{"count":2,"href":"https:\/\/ntumedias-formation.fr\/en\/wp-json\/wp\/v2\/pages\/834\/revisions"}],"predecessor-version":[{"id":8809,"href":"https:\/\/ntumedias-formation.fr\/en\/wp-json\/wp\/v2\/pages\/834\/revisions\/8809"}],"wp:featuredmedia":[{"embeddable":true,"href":"https:\/\/ntumedias-formation.fr\/en\/wp-json\/wp\/v2\/media\/3097"}],"wp:attachment":[{"href":"https:\/\/ntumedias-formation.fr\/en\/wp-json\/wp\/v2\/media?parent=834"}],"curies":[{"name":"wp","href":"https:\/\/api.w.org\/{rel}","templated":true}]}}