{"id":8555,"date":"2023-12-13T14:56:36","date_gmt":"2023-12-13T13:56:36","guid":{"rendered":"https:\/\/ntumedias-formation.fr\/?page_id=8555"},"modified":"2023-12-18T12:18:08","modified_gmt":"2023-12-18T11:18:08","slug":"mentions-legales","status":"publish","type":"page","link":"https:\/\/ntumedias-formation.fr\/en\/mentions-legales\/","title":{"rendered":"Legal Notice"},"content":{"rendered":"<p>The site\u00a0<a href=\"https:\/\/ntumedias-formation.fr\/en\/\">www.ntumedias-formation.fr<\/a>\u00a0is managed by the communications team\u00a0<strong>NTU Media<\/strong><\/p>\n<p><strong>Contact details: 05 Boulevard Pierre Lecoq, 49300 Cholet is an EI with capital of \u20ac1,000 registered with the Angers RCS under number 799 802 327 00038<\/strong><\/p>\n<p><strong>Publication directors:\u00a0<\/strong>Nicolas Tuffereau<\/p>\n<p><strong>Hosting &amp; maintenance<\/strong><br \/>\nThe service provider ensuring direct and permanent storage is the company OVH SAS<br \/>\nwith capital of \u20ac10,069,020 RCS Lille M\u00e9tropole 424 761 419 00045. Head office: 2 rue Kellermann \u2013 59100 Roubaix \u2013 France.<\/p>\n<p><strong>Technology used<\/strong><br \/>\nThis site was created in PHP.<\/p>\n<p><strong>Credits Illustrations &amp; photos<\/strong><br \/>\n\u00a9 NTU Media @unsplash<\/p>\n<h2 id=\"h-protection-des-donnees-a-caractere-personnel\" class=\"wp-block-heading\">Protection of personal data<\/h2>\n<p>NTU Medias, in its capacity as data controller, processes personal data concerning you in order to manage your contact requests.<\/p>\n<p>When you initiate contact with NTU Medias by using the site (via a form or sending an e-mail to one of the addresses indicated on the site), personal information that you provide to us on this occasion will be processed for the purpose of responding to your requests relating to our services).<\/p>\n<p>The legal basis for this processing is the implementation of pre-contractual measures.<\/p>\n<p>The data will be kept within the European Union and for a maximum period of 3 years from our last contact.<\/p>\n<p>This information is intended for the NTU Medias communications department.<\/p>\n<p>In accordance with the regulations, you can access the data concerning you, rectify it, request its erasure or exercise your right to limit the processing of your data. You can also object to the processing of your data.<\/p>\n<p>The exercise of rights and the communication of specific post-mortem directives are carried out by email to the following email address: contact@ntumedias.com.<\/p>\n<p>NTU Medias pays great attention to the personal data entrusted to it. However, if you consider that the processing of data concerning you infringes your rights and that, after contacting us, your rights are not respected, you have the option of lodging a complaint with the CNIL.<\/p>\n<h2 id=\"h-cookies\" class=\"wp-block-heading\">Cookies<\/h2>\n<p>Users are informed that, during their visit to this site, cookies may be automatically installed on their browser software. To find out more, the user is invited to read our cookies policy in<a href=\"https:\/\/ntumedias.com\/politique-de-confidentialite\/\">\u00a0clicking here.<\/a><\/p>","protected":false},"excerpt":{"rendered":"<p>Le site\u00a0www.ntumedias-formation.fr\u00a0est g\u00e9r\u00e9 par l\u2019\u00e9quipe communication de\u00a0NTU Medias Coordonn\u00e9es : 05 Boulevard Pierre Lecoq, 49300 Cholet est une EI au [&hellip;]<\/p>\n","protected":false},"author":1,"featured_media":6824,"parent":0,"menu_order":0,"comment_status":"closed","ping_status":"closed","template":"","meta":{"footnotes":""},"class_list":["post-8555","page","type-page","status-publish","has-post-thumbnail","hentry"],"yoast_head":"<!-- This site is optimized with the Yoast SEO Premium plugin v27.0 (Yoast SEO v27.0) - https:\/\/yoast.com\/product\/yoast-seo-premium-wordpress\/ -->\n<title>Mentions l\u00e9gales<\/title>\n<meta name=\"description\" content=\"NTU Medias, en sa qualit\u00e9 de responsable de traitement, met en \u0153uvre un traitement de donn\u00e9es \u00e0 caract\u00e8re personnel\" \/>\n<meta name=\"robots\" content=\"index, follow, max-snippet:-1, max-image-preview:large, max-video-preview:-1\" \/>\n<link rel=\"canonical\" href=\"https:\/\/ntumedias-formation.fr\/en\/mentions-legales\/\" \/>\n<meta property=\"og:locale\" content=\"en_GB\" \/>\n<meta property=\"og:type\" content=\"article\" \/>\n<meta property=\"og:title\" content=\"Mentions l\u00e9gales\" \/>\n<meta property=\"og:description\" content=\"Organisme de formation en PAO, Photographie, Vid\u00e9o, Photoshop, Adobe Premiere, Lightroom sur les villes de Nantes, Angers et Cholet\" \/>\n<meta property=\"og:url\" content=\"https:\/\/ntumedias-formation.fr\/en\/mentions-legales\/\" \/>\n<meta property=\"og:site_name\" content=\"NTU Medias Formation\" \/>\n<meta property=\"article:publisher\" content=\"https:\/\/www.facebook.com\/ntu.medias\/\" \/>\n<meta property=\"article:modified_time\" content=\"2023-12-18T11:18:08+00:00\" \/>\n<meta property=\"og:image\" content=\"http:\/\/ntumedias-formation.fr\/wp-content\/uploads\/2023\/10\/ecole-cinema-nantes.png\" \/>\n\t<meta property=\"og:image:width\" content=\"1009\" \/>\n\t<meta property=\"og:image:height\" content=\"2047\" \/>\n\t<meta property=\"og:image:type\" content=\"image\/png\" \/>\n<meta name=\"twitter:card\" content=\"summary_large_image\" \/>\n<meta name=\"twitter:label1\" content=\"Estimated reading time\" \/>\n\t<meta name=\"twitter:data1\" content=\"2 minutes\" \/>\n<script type=\"application\/ld+json\" class=\"yoast-schema-graph\">{\"@context\":\"https:\/\/schema.org\",\"@graph\":[{\"@type\":\"WebPage\",\"@id\":\"https:\/\/ntumedias-formation.fr\/mentions-legales\/\",\"url\":\"https:\/\/ntumedias-formation.fr\/mentions-legales\/\",\"name\":\"Mentions l\u00e9gales\",\"isPartOf\":{\"@id\":\"https:\/\/ntumedias-formation.fr\/#website\"},\"primaryImageOfPage\":{\"@id\":\"https:\/\/ntumedias-formation.fr\/mentions-legales\/#primaryimage\"},\"image\":{\"@id\":\"https:\/\/ntumedias-formation.fr\/mentions-legales\/#primaryimage\"},\"thumbnailUrl\":\"https:\/\/ntumedias-formation.fr\/wp-content\/uploads\/2023\/10\/ecole-cinema-nantes.png\",\"datePublished\":\"2023-12-13T13:56:36+00:00\",\"dateModified\":\"2023-12-18T11:18:08+00:00\",\"description\":\"NTU Medias, en sa qualit\u00e9 de responsable de traitement, met en \u0153uvre un traitement de donn\u00e9es \u00e0 caract\u00e8re personnel\",\"breadcrumb\":{\"@id\":\"https:\/\/ntumedias-formation.fr\/mentions-legales\/#breadcrumb\"},\"inLanguage\":\"en-GB\",\"potentialAction\":[{\"@type\":\"ReadAction\",\"target\":[\"https:\/\/ntumedias-formation.fr\/mentions-legales\/\"]}]},{\"@type\":\"ImageObject\",\"inLanguage\":\"en-GB\",\"@id\":\"https:\/\/ntumedias-formation.fr\/mentions-legales\/#primaryimage\",\"url\":\"https:\/\/ntumedias-formation.fr\/wp-content\/uploads\/2023\/10\/ecole-cinema-nantes.png\",\"contentUrl\":\"https:\/\/ntumedias-formation.fr\/wp-content\/uploads\/2023\/10\/ecole-cinema-nantes.png\",\"width\":1009,\"height\":2047,\"caption\":\"\u00e9cole de cin\u00e9ma \u00e0 Nantes\"},{\"@type\":\"BreadcrumbList\",\"@id\":\"https:\/\/ntumedias-formation.fr\/mentions-legales\/#breadcrumb\",\"itemListElement\":[{\"@type\":\"ListItem\",\"position\":1,\"name\":\"Accueil\",\"item\":\"https:\/\/ntumedias-formation.fr\/\"},{\"@type\":\"ListItem\",\"position\":2,\"name\":\"Mentions l\u00e9gales\"}]},{\"@type\":\"WebSite\",\"@id\":\"https:\/\/ntumedias-formation.fr\/#website\",\"url\":\"https:\/\/ntumedias-formation.fr\/\",\"name\":\"NTU Medias formation audiovisuelle\",\"description\":\"Formation en photo et en vid\u00e9o\",\"publisher\":{\"@id\":\"https:\/\/ntumedias-formation.fr\/#organization\"},\"alternateName\":\"Formation en photo et en vid\u00e9o\",\"potentialAction\":[{\"@type\":\"SearchAction\",\"target\":{\"@type\":\"EntryPoint\",\"urlTemplate\":\"https:\/\/ntumedias-formation.fr\/?s={search_term_string}\"},\"query-input\":{\"@type\":\"PropertyValueSpecification\",\"valueRequired\":true,\"valueName\":\"search_term_string\"}}],\"inLanguage\":\"en-GB\"},{\"@type\":\"Organization\",\"@id\":\"https:\/\/ntumedias-formation.fr\/#organization\",\"name\":\"NTU M\u00e9dias\",\"alternateName\":\"institut formation photo et vid\u00e9o\",\"url\":\"https:\/\/ntumedias-formation.fr\/\",\"logo\":{\"@type\":\"ImageObject\",\"inLanguage\":\"en-GB\",\"@id\":\"https:\/\/ntumedias-formation.fr\/#\/schema\/logo\/image\/\",\"url\":\"https:\/\/ntumedias-formation.fr\/wp-content\/uploads\/2023\/09\/cropped-formation-photo-video.png\",\"contentUrl\":\"https:\/\/ntumedias-formation.fr\/wp-content\/uploads\/2023\/09\/cropped-formation-photo-video.png\",\"width\":201,\"height\":62,\"caption\":\"NTU M\u00e9dias\"},\"image\":{\"@id\":\"https:\/\/ntumedias-formation.fr\/#\/schema\/logo\/image\/\"},\"sameAs\":[\"https:\/\/www.facebook.com\/ntu.medias\/\",\"https:\/\/mastodon.social\/invite\/mwXZ8FCq\",\"https:\/\/www.linkedin.com\/in\/studio-ntu-medias-66556612a\/\"],\"description\":\"Notre organisme propose des formations professionnelles en PAO, Photographie, Vid\u00e9o, Photoshop, Adobe Premiere, Lightroom sur les r\u00e9gions de Nantes, Angers et Cholet\",\"email\":\"contact@ntumedias.com\",\"telephone\":\"0241642743\",\"legalName\":\"NTU M\u00e9dias\",\"foundingDate\":\"2014-01-01\",\"numberOfEmployees\":{\"@type\":\"QuantitativeValue\",\"minValue\":\"1\",\"maxValue\":\"10\"},\"publishingPrinciples\":\"https:\/\/ntumedias-formation.fr\/politique-de-confidentialite\/\",\"ownershipFundingInfo\":\"https:\/\/ntumedias-formation.fr\/mentions-legales\/\"}]}<\/script>\n<!-- \/ Yoast SEO Premium plugin. -->","yoast_head_json":{"title":"Legal Notice","description":"NTU Medias, en sa qualit\u00e9 de responsable de traitement, met en \u0153uvre un traitement de donn\u00e9es \u00e0 caract\u00e8re personnel","robots":{"index":"index","follow":"follow","max-snippet":"max-snippet:-1","max-image-preview":"max-image-preview:large","max-video-preview":"max-video-preview:-1"},"canonical":"https:\/\/ntumedias-formation.fr\/en\/mentions-legales\/","og_locale":"en_GB","og_type":"article","og_title":"Mentions l\u00e9gales","og_description":"Organisme de formation en PAO, Photographie, Vid\u00e9o, Photoshop, Adobe Premiere, Lightroom sur les villes de Nantes, Angers et Cholet","og_url":"https:\/\/ntumedias-formation.fr\/en\/mentions-legales\/","og_site_name":"NTU Medias Formation","article_publisher":"https:\/\/www.facebook.com\/ntu.medias\/","article_modified_time":"2023-12-18T11:18:08+00:00","og_image":[{"width":1009,"height":2047,"url":"http:\/\/ntumedias-formation.fr\/wp-content\/uploads\/2023\/10\/ecole-cinema-nantes.png","type":"image\/png"}],"twitter_card":"summary_large_image","twitter_misc":{"Estimated reading time":"2 minutes"},"schema":{"@context":"https:\/\/schema.org","@graph":[{"@type":"WebPage","@id":"https:\/\/ntumedias-formation.fr\/mentions-legales\/","url":"https:\/\/ntumedias-formation.fr\/mentions-legales\/","name":"Legal Notice","isPartOf":{"@id":"https:\/\/ntumedias-formation.fr\/#website"},"primaryImageOfPage":{"@id":"https:\/\/ntumedias-formation.fr\/mentions-legales\/#primaryimage"},"image":{"@id":"https:\/\/ntumedias-formation.fr\/mentions-legales\/#primaryimage"},"thumbnailUrl":"https:\/\/ntumedias-formation.fr\/wp-content\/uploads\/2023\/10\/ecole-cinema-nantes.png","datePublished":"2023-12-13T13:56:36+00:00","dateModified":"2023-12-18T11:18:08+00:00","description":"NTU Medias, en sa qualit\u00e9 de responsable de traitement, met en \u0153uvre un traitement de donn\u00e9es \u00e0 caract\u00e8re personnel","breadcrumb":{"@id":"https:\/\/ntumedias-formation.fr\/mentions-legales\/#breadcrumb"},"inLanguage":"en-GB","potentialAction":[{"@type":"ReadAction","target":["https:\/\/ntumedias-formation.fr\/mentions-legales\/"]}]},{"@type":"ImageObject","inLanguage":"en-GB","@id":"https:\/\/ntumedias-formation.fr\/mentions-legales\/#primaryimage","url":"https:\/\/ntumedias-formation.fr\/wp-content\/uploads\/2023\/10\/ecole-cinema-nantes.png","contentUrl":"https:\/\/ntumedias-formation.fr\/wp-content\/uploads\/2023\/10\/ecole-cinema-nantes.png","width":1009,"height":2047,"caption":"\u00e9cole de cin\u00e9ma \u00e0 Nantes"},{"@type":"BreadcrumbList","@id":"https:\/\/ntumedias-formation.fr\/mentions-legales\/#breadcrumb","itemListElement":[{"@type":"ListItem","position":1,"name":"Accueil","item":"https:\/\/ntumedias-formation.fr\/"},{"@type":"ListItem","position":2,"name":"Mentions l\u00e9gales"}]},{"@type":"WebSite","@id":"https:\/\/ntumedias-formation.fr\/#website","url":"https:\/\/ntumedias-formation.fr\/","name":"NTU Medias formation audiovisuelle","description":"Formation en photo et en vid\u00e9o","publisher":{"@id":"https:\/\/ntumedias-formation.fr\/#organization"},"alternateName":"Formation en photo et en vid\u00e9o","potentialAction":[{"@type":"SearchAction","target":{"@type":"EntryPoint","urlTemplate":"https:\/\/ntumedias-formation.fr\/?s={search_term_string}"},"query-input":{"@type":"PropertyValueSpecification","valueRequired":true,"valueName":"search_term_string"}}],"inLanguage":"en-GB"},{"@type":"Organization","@id":"https:\/\/ntumedias-formation.fr\/#organization","name":"NTU M\u00e9dias","alternateName":"institut formation photo et vid\u00e9o","url":"https:\/\/ntumedias-formation.fr\/","logo":{"@type":"ImageObject","inLanguage":"en-GB","@id":"https:\/\/ntumedias-formation.fr\/#\/schema\/logo\/image\/","url":"https:\/\/ntumedias-formation.fr\/wp-content\/uploads\/2023\/09\/cropped-formation-photo-video.png","contentUrl":"https:\/\/ntumedias-formation.fr\/wp-content\/uploads\/2023\/09\/cropped-formation-photo-video.png","width":201,"height":62,"caption":"NTU M\u00e9dias"},"image":{"@id":"https:\/\/ntumedias-formation.fr\/#\/schema\/logo\/image\/"},"sameAs":["https:\/\/www.facebook.com\/ntu.medias\/","https:\/\/mastodon.social\/invite\/mwXZ8FCq","https:\/\/www.linkedin.com\/in\/studio-ntu-medias-66556612a\/"],"description":"Notre organisme propose des formations professionnelles en PAO, Photographie, Vid\u00e9o, Photoshop, Adobe Premiere, Lightroom sur les r\u00e9gions de Nantes, Angers et Cholet","email":"contact@ntumedias.com","telephone":"0241642743","legalName":"NTU M\u00e9dias","foundingDate":"2014-01-01","numberOfEmployees":{"@type":"QuantitativeValue","minValue":"1","maxValue":"10"},"publishingPrinciples":"https:\/\/ntumedias-formation.fr\/politique-de-confidentialite\/","ownershipFundingInfo":"https:\/\/ntumedias-formation.fr\/mentions-legales\/"}]}},"_links":{"self":[{"href":"https:\/\/ntumedias-formation.fr\/en\/wp-json\/wp\/v2\/pages\/8555","targetHints":{"allow":["GET"]}}],"collection":[{"href":"https:\/\/ntumedias-formation.fr\/en\/wp-json\/wp\/v2\/pages"}],"about":[{"href":"https:\/\/ntumedias-formation.fr\/en\/wp-json\/wp\/v2\/types\/page"}],"author":[{"embeddable":true,"href":"https:\/\/ntumedias-formation.fr\/en\/wp-json\/wp\/v2\/users\/1"}],"replies":[{"embeddable":true,"href":"https:\/\/ntumedias-formation.fr\/en\/wp-json\/wp\/v2\/comments?post=8555"}],"version-history":[{"count":2,"href":"https:\/\/ntumedias-formation.fr\/en\/wp-json\/wp\/v2\/pages\/8555\/revisions"}],"predecessor-version":[{"id":8561,"href":"https:\/\/ntumedias-formation.fr\/en\/wp-json\/wp\/v2\/pages\/8555\/revisions\/8561"}],"wp:featuredmedia":[{"embeddable":true,"href":"https:\/\/ntumedias-formation.fr\/en\/wp-json\/wp\/v2\/media\/6824"}],"wp:attachment":[{"href":"https:\/\/ntumedias-formation.fr\/en\/wp-json\/wp\/v2\/media?parent=8555"}],"curies":[{"name":"wp","href":"https:\/\/api.w.org\/{rel}","templated":true}]}}