{"id":862,"date":"2023-07-17T08:51:44","date_gmt":"2023-07-17T06:51:44","guid":{"rendered":""},"modified":"2025-05-02T09:33:12","modified_gmt":"2025-05-02T07:33:12","slug":"organisme-formation-montage-video-photographie-nantes-angers-cholet","status":"publish","type":"page","link":"https:\/\/ntumedias-formation.fr\/en\/organisme-formation-montage-video-photographie-nantes-angers-cholet\/","title":{"rendered":"Our organization"},"content":{"rendered":"<p><section class=\"fw-main-row\"  >\n\t<div class=\"fw-container-fluid\">\n\t\t<div class=\"fw-row\">\n\t<div class=\"fw-col-xs-12\">\n\t\n    <div class=\"owl-carousel owl-theme\">\n        \n        \n                    <div class=\"position-center equal-margin header-content\" role=\"banner\" style=\"background-image:url(\/\/ntumedias-formation.fr\/wp-content\/uploads\/2019\/12\/about-global.jpg);\">\n                                <div class=\"container\">\n                    <div class=\"row\">\n                        <div class=\"col-xs-12 col-sm-12 header-area\">\n                            <div class=\"header-area-inner header-text\">\n                                                                    <div><span class=\"subtitle\">Photography, video, live and software<\/span><\/div>\n                                                                                                    <h1 class=\"title\">An organization specializing in audiovisual<\/h1>\n                                \n                                \n                                \n                                                            <\/div>\n                        <\/div>\n                    <\/div>\n                <\/div>\n            <\/div>\n                    <\/div><\/div>\n<\/div>\n\n\t<\/div>\n<\/section>\n<section class=\"fw-main-row\"  >\n\t<div class=\"fw-container\">\n\t\t<div class=\"fw-row\">\n\t<div class=\"fw-col-xs-12\">\n\t\n\t<div class=\"fw-divider-space\" style=\"padding-top: 80px;\"><\/div>\n<\/div>\n<\/div>\n\n<div class=\"fw-row\">\n\t<div class=\"fw-col-xs-12\">\n\t       \n\n    <div class=\"row position-center\">\n        <div class=\"col-lg-12\">\n            <div class=\"section-title\">\n                                <h2>Adapted learning<\/h2>\n                <p>Nos formations en photographie et en audiovisuel sont sp\u00e9cialement con\u00e7ues pour un apprentissage flexible, \u00e0 votre rythme. \u00c9labor\u00e9s par des experts reconnus dans les domaines de la photographie, du tournage vid\u00e9o et de la r\u00e9alisation de films, nos programmes sont disponibles \u00e0 Nantes, Angers et Cholet. Chaque formateur, fort d'une solide exp\u00e9rience professionnelle, vous guide, vous conseille et vous accompagne tout au long de votre parcours. Que vous soyez d\u00e9butant ou souhaitiez perfectionner vos comp\u00e9tences en photo ou en vid\u00e9o, nos formations vous permettent de d\u00e9velopper votre ma\u00eetrise technique et artistique, en b\u00e9n\u00e9ficiant d\u2019un accompagnement personnalis\u00e9 et adapt\u00e9 \u00e0 vos besoins.<\/p>            <\/div>\n        <\/div>\n    <\/div>\n<\/div>\n<\/div>\n\n<div class=\"fw-row\">\n\t<div class=\"fw-col-xs-12\">\n\t\n\t<div class=\"fw-divider-space\" style=\"padding-top: 50px;\"><\/div>\n<\/div>\n<\/div>\n\n<div class=\"fw-row\">\n\t<div class=\"fw-col-xs-12 fw-col-sm-6\">\n\t<p><iframe loading=\"lazy\" title=\"YouTube video player\" src=\"https:\/\/www.youtube.com\/embed\/IZ-PcED4U4I?si=GCj_CdJqMdao6Rt4\" width=\"560\" height=\"315\" frameborder=\"0\" allowfullscreen=\"allowfullscreen\"><\/iframe><\/p><\/div>\n<div class=\"fw-col-xs-12 fw-col-sm-6\">\n\t<h5>Des petits groupes pour plus de personnalisation<\/h5><p>Nos formations sont organis\u00e9es pour une personne seule ou en groupe de maximum 5 personnes, ce qui offre une convivialit\u00e9, une adaptabilit\u00e9 et une efficacit\u00e9 d'apprentissage. Nos formations y sont quasi personnalis\u00e9es. Nos stagiaires sont ainsi rapidement op\u00e9rationnels sur le march\u00e9 du travail. N\u00e9anmoins, nous pouvons faire des groupes plus importants sur demande avec un contenu adapt\u00e9.<\/p><p>Notre organisme vous offre la possibilit\u00e9 de b\u00e9n\u00e9ficier d'aide au financement avec votre OPCO ou le CPF.<\/p><\/div>\n<\/div>\n\n<div class=\"fw-row\">\n\t<div class=\"fw-col-xs-12\">\n\t\n\t<div class=\"fw-divider-space\" style=\"padding-top: 80px;\"><\/div>\n<\/div>\n<\/div>\n\n\t<\/div>\n<\/section>\n<section class=\"fw-main-row\" style=\"background-image:url(http:\/\/ntumedias-formation.fr\/wp-content\/uploads\/2020\/05\/newsletter-elegant.jpg);\" >\n\t<div class=\"fw-container-fluid\">\n\t\t<div class=\"fw-row\">\n\t<div class=\"fw-col-xs-12\">\n\t\n<div id=\"instructor\" class=\"call-to-action-area bg-widget position-center layout2\" style=\"\">\n    <div class=\"container\">\n\n            \n                        <div class=\"row justify-content-center\">\n                <div class=\"col-md-8\">\n            \n\t        \n                <div class=\"call-to-action-content color-white\">\n                    <div class=\"post-heading-left\">\n                        <h2>Request an interview<\/h2>\n                    <\/div>\n                    <div>\n                                                    <p>Vous avez des questions sur vos comp\u00e9tences, sur les formations les mieux adapt\u00e9es, sur les aides pour se former... Prenez rendez-vous avec nous. On r\u00e9pondra \u00e0 toutes vos interrogations.<\/p>                                            <\/div>\n                    <div class=\"call-to-action-btn\">\n                                                    <a href=\"https:\/\/ntumedias-formation.fr\/en\/contact\/\">\n                                Contact us <i class=\"fas fa-arrow-right\"><\/i><\/a>\n                                            <\/div>\n                <\/div>\n            <\/div>\n        <\/div>\n    <\/div>\n<\/div><\/div>\n<\/div>\n\n\t<\/div>\n<\/section>\n<section class=\"fw-main-row\" style=\"background-color:#faf8f6;\" >\n\t<div class=\"fw-container\">\n\t\t<div class=\"fw-row\">\n\t<div class=\"fw-col-xs-12 fw-col-sm-4\">\n\t\n\t<div class=\"fw-divider-space\" style=\"padding-top: 80px;\"><\/div>\n<p>Notre institut propose des formations professionnelles en <a href=\"https:\/\/ntumedias-formation.fr\/en\/formation-logiciel-photoshop-lightroom-after-effect-cholet-angers-nantes\/\">PAO<\/a>, <a href=\"https:\/\/ntumedias-formation.fr\/en\/toutes-les-formation-en-audiovisuel\/photographie\/formation-a-la-photographie-initiation-complete-35-heures\/\">Photography<\/a>, <a href=\"https:\/\/ntumedias-formation.fr\/en\/toutes-les-formation-en-audiovisuel\/video\/formation-a-la-realisation-video-pour-entreprise-nantes-angers-cholet\/\">Video<\/a>, cam\u00e9raman, <a href=\"https:\/\/ntumedias-formation.fr\/en\/toutes-les-formation-en-audiovisuel\/logiciel\/formation-au-logiciel-de-retouche-photo-adobe-photoshop-pao-nantes-cholet-angers\/\">Photoshop<\/a>, <a href=\"https:\/\/ntumedias-formation.fr\/en\/toutes-les-formation-en-audiovisuel\/logiciel\/formation-au-logiciel-de-montage-video-adobe-premiere-pro-nantes-angers-cholet\/\">Premiere Pro<\/a>, <a href=\"https:\/\/ntumedias-formation.fr\/en\/toutes-les-formation-en-audiovisuel\/logiciel\/formation-au-logiciel-lightroom\/\">Lightroom<\/a> Nantes, Angers et Cholet.<\/p><p><span style=\"color: #ff0000;\"><strong>Des prises en charge pas votre OPCO sont possibles avec nos formations.<\/strong><\/span><\/p><\/div>\n<div class=\"fw-col-xs-12 fw-col-sm-4\">\n\t<div class=\"fw-iconbox clearfix fw-iconbox-1\">\n\t<div class=\"fw-iconbox-image\">\n\t\t<i class=\"fa fa-calendar\"><\/i>\n\t<\/div>\n\t<div class=\"fw-iconbox-aside\">\n\t\t<div class=\"fw-iconbox-title\">\n\t\t\t<h3>A WIDE CHOICE OF TRAINING<\/h3>\n\t\t<\/div>\n\t\t<div class=\"fw-iconbox-text\">\n\t\t\t<p>Vid\u00e9o pour entreprise, publicit\u00e9 en ligne, photographie commerciale, formation cameraman, live streaming ... Nous mettons \u00e0 disposition un large choix de formations.<\/p>\n\t\t<\/div>\n\t<\/div>\n<\/div><div class=\"fw-iconbox clearfix fw-iconbox-1\">\n\t<div class=\"fw-iconbox-image\">\n\t\t<i class=\"fa fa-bar-chart-o\"><\/i>\n\t<\/div>\n\t<div class=\"fw-iconbox-aside\">\n\t\t<div class=\"fw-iconbox-title\">\n\t\t\t<h3>FOR ALL LEVELS<\/h3>\n\t\t<\/div>\n\t\t<div class=\"fw-iconbox-text\">\n\t\t\t<p>Initiation ou perfectionnement, nos formations en audiovisuel s\u2019adressent \u00e0 tous les niveaux, du d\u00e9butant au confirm\u00e9 le plus exigeant.<\/p>\n\t\t<\/div>\n\t<\/div>\n<\/div><\/div>\n<div class=\"fw-col-xs-12 fw-col-sm-4\">\n\t<div class=\"fw-iconbox clearfix fw-iconbox-1\">\n\t<div class=\"fw-iconbox-image\">\n\t\t<i class=\"fa fa-user\"><\/i>\n\t<\/div>\n\t<div class=\"fw-iconbox-aside\">\n\t\t<div class=\"fw-iconbox-title\">\n\t\t\t<h3>PROS AT YOUR DISPOSAL<\/h3>\n\t\t<\/div>\n\t\t<div class=\"fw-iconbox-text\">\n\t\t\t<p>Les intervenants sont des professionnels en activit\u00e9. Ils comprennent vos probl\u00e9matiques et vos ambitions. Ils ont des comp\u00e9tences toujours en ad\u00e9quation avec les obligations du march\u00e9.<\/p>\n\t\t<\/div>\n\t<\/div>\n<\/div><div class=\"fw-iconbox clearfix fw-iconbox-1\">\n\t<div class=\"fw-iconbox-image\">\n\t\t<i class=\"fa fa-credit-card\"><\/i>\n\t<\/div>\n\t<div class=\"fw-iconbox-aside\">\n\t\t<div class=\"fw-iconbox-title\">\n\t\t\t<h3>AFFORDABLE COSTS<\/h3>\n\t\t<\/div>\n\t\t<div class=\"fw-iconbox-text\">\n\t\t\t<p>Gr\u00e2ce aux aides et des formations aux tarifs diversifi\u00e9s, les prix sont adapt\u00e9s \u00e0 tous les budgets. Se former en audiovisuel est aussi rentable. Il vous permet de r\u00e9aliser des t\u00e2ches simples par vous m\u00eame.<\/p>\n\t\t<\/div>\n\t<\/div>\n<\/div><\/div>\n<\/div>\n\n\t<\/div>\n<\/section>\n<section class=\"fw-main-row\"  >\n\t<div class=\"fw-container\">\n\t\t<div class=\"fw-row\">\n\t<div class=\"fw-col-xs-12\">\n\t<div class=\"video-wrapper shortcode-container\">\n\t<\/div>\n<\/div>\n<\/div>\n\n<div class=\"fw-row\">\n\t<div class=\"fw-col-xs-12\">\n\t<\/div>\n<\/div>\n\n\t<\/div>\n<\/section>\n<\/p>","protected":false},"excerpt":{"rendered":"<p>Photographie, vid\u00e9o, live et logiciel Un organisme sp\u00e9cialis\u00e9 dans l&rsquo;audiovisuel Un apprentissage adapt\u00e9 Nos formations en photographie et en audiovisuel [&hellip;]<\/p>\n","protected":false},"author":1,"featured_media":8000,"parent":0,"menu_order":0,"comment_status":"closed","ping_status":"closed","template":"template-parts\/vultur-pagefullwidth.php","meta":{"footnotes":""},"class_list":["post-862","page","type-page","status-publish","has-post-thumbnail","hentry"],"yoast_head":"<!-- This site is optimized with the Yoast SEO Premium plugin v27.4 (Yoast SEO v27.4) - https:\/\/yoast.com\/product\/yoast-seo-premium-wordpress\/ -->\n<title>Notre organisme<\/title>\n<meta name=\"description\" content=\"Notre institut propose des formations professionnelles en photographie, Vid\u00e9o, photoshop, lightroom, premiere pro sur Nantes, Angers Cholet.\" \/>\n<meta name=\"robots\" content=\"index, follow, max-snippet:-1, max-image-preview:large, max-video-preview:-1\" \/>\n<link rel=\"canonical\" href=\"https:\/\/ntumedias-formation.fr\/en\/organisme-formation-montage-video-photographie-nantes-angers-cholet\/\" \/>\n<meta property=\"og:locale\" content=\"en_GB\" \/>\n<meta property=\"og:type\" content=\"article\" \/>\n<meta property=\"og:title\" content=\"Notre organisme\" \/>\n<meta property=\"og:description\" content=\"Organisme de formation en PAO, Photographie, Vid\u00e9o, Photoshop, Adobe Premiere, Lightroom sur les villes de Nantes, Angers et Cholet\" \/>\n<meta property=\"og:url\" content=\"https:\/\/ntumedias-formation.fr\/en\/organisme-formation-montage-video-photographie-nantes-angers-cholet\/\" \/>\n<meta property=\"og:site_name\" content=\"NTU Medias Formation\" \/>\n<meta property=\"article:publisher\" content=\"https:\/\/www.facebook.com\/ntu.medias\/\" \/>\n<meta property=\"article:modified_time\" content=\"2025-05-02T07:33:12+00:00\" \/>\n<meta property=\"og:image\" content=\"http:\/\/ntumedias-formation.fr\/wp-content\/uploads\/2023\/11\/BLOG.jpg\" \/>\n\t<meta property=\"og:image:width\" content=\"1024\" \/>\n\t<meta property=\"og:image:height\" content=\"683\" \/>\n\t<meta property=\"og:image:type\" content=\"image\/jpeg\" \/>\n<meta name=\"twitter:card\" content=\"summary_large_image\" \/>\n<meta name=\"twitter:label1\" content=\"Estimated reading time\" \/>\n\t<meta name=\"twitter:data1\" content=\"2 minutes\" \/>\n<script type=\"application\/ld+json\" class=\"yoast-schema-graph\">{\"@context\":\"https:\\\/\\\/schema.org\",\"@graph\":[{\"@type\":\"WebPage\",\"@id\":\"https:\\\/\\\/ntumedias-formation.fr\\\/organisme-formation-montage-video-photographie-nantes-angers-cholet\\\/\",\"url\":\"https:\\\/\\\/ntumedias-formation.fr\\\/organisme-formation-montage-video-photographie-nantes-angers-cholet\\\/\",\"name\":\"Notre organisme\",\"isPartOf\":{\"@id\":\"https:\\\/\\\/ntumedias-formation.fr\\\/#website\"},\"primaryImageOfPage\":{\"@id\":\"https:\\\/\\\/ntumedias-formation.fr\\\/organisme-formation-montage-video-photographie-nantes-angers-cholet\\\/#primaryimage\"},\"image\":{\"@id\":\"https:\\\/\\\/ntumedias-formation.fr\\\/organisme-formation-montage-video-photographie-nantes-angers-cholet\\\/#primaryimage\"},\"thumbnailUrl\":\"https:\\\/\\\/ntumedias-formation.fr\\\/wp-content\\\/uploads\\\/2023\\\/11\\\/BLOG.jpg\",\"datePublished\":\"2023-07-17T06:51:44+00:00\",\"dateModified\":\"2025-05-02T07:33:12+00:00\",\"description\":\"Notre institut propose des formations professionnelles en photographie, Vid\u00e9o, photoshop, lightroom, premiere pro sur Nantes, Angers Cholet.\",\"breadcrumb\":{\"@id\":\"https:\\\/\\\/ntumedias-formation.fr\\\/organisme-formation-montage-video-photographie-nantes-angers-cholet\\\/#breadcrumb\"},\"inLanguage\":\"en-GB\",\"potentialAction\":[{\"@type\":\"ReadAction\",\"target\":[\"https:\\\/\\\/ntumedias-formation.fr\\\/organisme-formation-montage-video-photographie-nantes-angers-cholet\\\/\"]}]},{\"@type\":\"ImageObject\",\"inLanguage\":\"en-GB\",\"@id\":\"https:\\\/\\\/ntumedias-formation.fr\\\/organisme-formation-montage-video-photographie-nantes-angers-cholet\\\/#primaryimage\",\"url\":\"https:\\\/\\\/ntumedias-formation.fr\\\/wp-content\\\/uploads\\\/2023\\\/11\\\/BLOG.jpg\",\"contentUrl\":\"https:\\\/\\\/ntumedias-formation.fr\\\/wp-content\\\/uploads\\\/2023\\\/11\\\/BLOG.jpg\",\"width\":1024,\"height\":683,\"caption\":\"organisme formation communication vid\u00e9o\"},{\"@type\":\"BreadcrumbList\",\"@id\":\"https:\\\/\\\/ntumedias-formation.fr\\\/organisme-formation-montage-video-photographie-nantes-angers-cholet\\\/#breadcrumb\",\"itemListElement\":[{\"@type\":\"ListItem\",\"position\":1,\"name\":\"Accueil\",\"item\":\"https:\\\/\\\/ntumedias-formation.fr\\\/\"},{\"@type\":\"ListItem\",\"position\":2,\"name\":\"Notre organisme\"}]},{\"@type\":\"WebSite\",\"@id\":\"https:\\\/\\\/ntumedias-formation.fr\\\/#website\",\"url\":\"https:\\\/\\\/ntumedias-formation.fr\\\/\",\"name\":\"NTU Medias formation audiovisuelle\",\"description\":\"Formation en photo et en vid\u00e9o\",\"publisher\":{\"@id\":\"https:\\\/\\\/ntumedias-formation.fr\\\/#organization\"},\"alternateName\":\"Formation en photo et en vid\u00e9o\",\"potentialAction\":[{\"@type\":\"SearchAction\",\"target\":{\"@type\":\"EntryPoint\",\"urlTemplate\":\"https:\\\/\\\/ntumedias-formation.fr\\\/?s={search_term_string}\"},\"query-input\":{\"@type\":\"PropertyValueSpecification\",\"valueRequired\":true,\"valueName\":\"search_term_string\"}}],\"inLanguage\":\"en-GB\"},{\"@type\":\"Organization\",\"@id\":\"https:\\\/\\\/ntumedias-formation.fr\\\/#organization\",\"name\":\"NTU M\u00e9dias\",\"alternateName\":\"institut formation photo et vid\u00e9o\",\"url\":\"https:\\\/\\\/ntumedias-formation.fr\\\/\",\"logo\":{\"@type\":\"ImageObject\",\"inLanguage\":\"en-GB\",\"@id\":\"https:\\\/\\\/ntumedias-formation.fr\\\/#\\\/schema\\\/logo\\\/image\\\/\",\"url\":\"https:\\\/\\\/ntumedias-formation.fr\\\/wp-content\\\/uploads\\\/2023\\\/09\\\/cropped-formation-photo-video.png\",\"contentUrl\":\"https:\\\/\\\/ntumedias-formation.fr\\\/wp-content\\\/uploads\\\/2023\\\/09\\\/cropped-formation-photo-video.png\",\"width\":201,\"height\":62,\"caption\":\"NTU M\u00e9dias\"},\"image\":{\"@id\":\"https:\\\/\\\/ntumedias-formation.fr\\\/#\\\/schema\\\/logo\\\/image\\\/\"},\"sameAs\":[\"https:\\\/\\\/www.facebook.com\\\/ntu.medias\\\/\",\"https:\\\/\\\/mastodon.social\\\/invite\\\/mwXZ8FCq\",\"https:\\\/\\\/www.linkedin.com\\\/in\\\/studio-ntu-medias-66556612a\\\/\"],\"description\":\"Notre organisme propose des formations professionnelles en PAO, Photographie, Vid\u00e9o, Photoshop, Adobe Premiere, Lightroom sur les r\u00e9gions de Nantes, Angers et Cholet\",\"email\":\"contact@ntumedias.com\",\"telephone\":\"0241642743\",\"legalName\":\"NTU M\u00e9dias\",\"foundingDate\":\"2014-01-01\",\"numberOfEmployees\":{\"@type\":\"QuantitativeValue\",\"minValue\":\"1\",\"maxValue\":\"10\"},\"publishingPrinciples\":\"https:\\\/\\\/ntumedias-formation.fr\\\/politique-de-confidentialite\\\/\",\"ownershipFundingInfo\":\"https:\\\/\\\/ntumedias-formation.fr\\\/mentions-legales\\\/\"}]}<\/script>\n<!-- \/ Yoast SEO Premium plugin. -->","yoast_head_json":{"title":"Our organization","description":"Notre institut propose des formations professionnelles en photographie, Vid\u00e9o, photoshop, lightroom, premiere pro sur Nantes, Angers Cholet.","robots":{"index":"index","follow":"follow","max-snippet":"max-snippet:-1","max-image-preview":"max-image-preview:large","max-video-preview":"max-video-preview:-1"},"canonical":"https:\/\/ntumedias-formation.fr\/en\/organisme-formation-montage-video-photographie-nantes-angers-cholet\/","og_locale":"en_GB","og_type":"article","og_title":"Notre organisme","og_description":"Organisme de formation en PAO, Photographie, Vid\u00e9o, Photoshop, Adobe Premiere, Lightroom sur les villes de Nantes, Angers et Cholet","og_url":"https:\/\/ntumedias-formation.fr\/en\/organisme-formation-montage-video-photographie-nantes-angers-cholet\/","og_site_name":"NTU Medias Formation","article_publisher":"https:\/\/www.facebook.com\/ntu.medias\/","article_modified_time":"2025-05-02T07:33:12+00:00","og_image":[{"width":1024,"height":683,"url":"http:\/\/ntumedias-formation.fr\/wp-content\/uploads\/2023\/11\/BLOG.jpg","type":"image\/jpeg"}],"twitter_card":"summary_large_image","twitter_misc":{"Estimated reading time":"2 minutes"},"schema":{"@context":"https:\/\/schema.org","@graph":[{"@type":"WebPage","@id":"https:\/\/ntumedias-formation.fr\/organisme-formation-montage-video-photographie-nantes-angers-cholet\/","url":"https:\/\/ntumedias-formation.fr\/organisme-formation-montage-video-photographie-nantes-angers-cholet\/","name":"Our organization","isPartOf":{"@id":"https:\/\/ntumedias-formation.fr\/#website"},"primaryImageOfPage":{"@id":"https:\/\/ntumedias-formation.fr\/organisme-formation-montage-video-photographie-nantes-angers-cholet\/#primaryimage"},"image":{"@id":"https:\/\/ntumedias-formation.fr\/organisme-formation-montage-video-photographie-nantes-angers-cholet\/#primaryimage"},"thumbnailUrl":"https:\/\/ntumedias-formation.fr\/wp-content\/uploads\/2023\/11\/BLOG.jpg","datePublished":"2023-07-17T06:51:44+00:00","dateModified":"2025-05-02T07:33:12+00:00","description":"Notre institut propose des formations professionnelles en photographie, Vid\u00e9o, photoshop, lightroom, premiere pro sur Nantes, Angers Cholet.","breadcrumb":{"@id":"https:\/\/ntumedias-formation.fr\/organisme-formation-montage-video-photographie-nantes-angers-cholet\/#breadcrumb"},"inLanguage":"en-GB","potentialAction":[{"@type":"ReadAction","target":["https:\/\/ntumedias-formation.fr\/organisme-formation-montage-video-photographie-nantes-angers-cholet\/"]}]},{"@type":"ImageObject","inLanguage":"en-GB","@id":"https:\/\/ntumedias-formation.fr\/organisme-formation-montage-video-photographie-nantes-angers-cholet\/#primaryimage","url":"https:\/\/ntumedias-formation.fr\/wp-content\/uploads\/2023\/11\/BLOG.jpg","contentUrl":"https:\/\/ntumedias-formation.fr\/wp-content\/uploads\/2023\/11\/BLOG.jpg","width":1024,"height":683,"caption":"organisme formation communication vid\u00e9o"},{"@type":"BreadcrumbList","@id":"https:\/\/ntumedias-formation.fr\/organisme-formation-montage-video-photographie-nantes-angers-cholet\/#breadcrumb","itemListElement":[{"@type":"ListItem","position":1,"name":"Accueil","item":"https:\/\/ntumedias-formation.fr\/"},{"@type":"ListItem","position":2,"name":"Notre organisme"}]},{"@type":"WebSite","@id":"https:\/\/ntumedias-formation.fr\/#website","url":"https:\/\/ntumedias-formation.fr\/","name":"NTU Medias formation audiovisuelle","description":"Formation en photo et en vid\u00e9o","publisher":{"@id":"https:\/\/ntumedias-formation.fr\/#organization"},"alternateName":"Formation en photo et en vid\u00e9o","potentialAction":[{"@type":"SearchAction","target":{"@type":"EntryPoint","urlTemplate":"https:\/\/ntumedias-formation.fr\/?s={search_term_string}"},"query-input":{"@type":"PropertyValueSpecification","valueRequired":true,"valueName":"search_term_string"}}],"inLanguage":"en-GB"},{"@type":"Organization","@id":"https:\/\/ntumedias-formation.fr\/#organization","name":"NTU M\u00e9dias","alternateName":"institut formation photo et vid\u00e9o","url":"https:\/\/ntumedias-formation.fr\/","logo":{"@type":"ImageObject","inLanguage":"en-GB","@id":"https:\/\/ntumedias-formation.fr\/#\/schema\/logo\/image\/","url":"https:\/\/ntumedias-formation.fr\/wp-content\/uploads\/2023\/09\/cropped-formation-photo-video.png","contentUrl":"https:\/\/ntumedias-formation.fr\/wp-content\/uploads\/2023\/09\/cropped-formation-photo-video.png","width":201,"height":62,"caption":"NTU M\u00e9dias"},"image":{"@id":"https:\/\/ntumedias-formation.fr\/#\/schema\/logo\/image\/"},"sameAs":["https:\/\/www.facebook.com\/ntu.medias\/","https:\/\/mastodon.social\/invite\/mwXZ8FCq","https:\/\/www.linkedin.com\/in\/studio-ntu-medias-66556612a\/"],"description":"Notre organisme propose des formations professionnelles en PAO, Photographie, Vid\u00e9o, Photoshop, Adobe Premiere, Lightroom sur les r\u00e9gions de Nantes, Angers et Cholet","email":"contact@ntumedias.com","telephone":"0241642743","legalName":"NTU M\u00e9dias","foundingDate":"2014-01-01","numberOfEmployees":{"@type":"QuantitativeValue","minValue":"1","maxValue":"10"},"publishingPrinciples":"https:\/\/ntumedias-formation.fr\/politique-de-confidentialite\/","ownershipFundingInfo":"https:\/\/ntumedias-formation.fr\/mentions-legales\/"}]}},"_links":{"self":[{"href":"https:\/\/ntumedias-formation.fr\/en\/wp-json\/wp\/v2\/pages\/862","targetHints":{"allow":["GET"]}}],"collection":[{"href":"https:\/\/ntumedias-formation.fr\/en\/wp-json\/wp\/v2\/pages"}],"about":[{"href":"https:\/\/ntumedias-formation.fr\/en\/wp-json\/wp\/v2\/types\/page"}],"author":[{"embeddable":true,"href":"https:\/\/ntumedias-formation.fr\/en\/wp-json\/wp\/v2\/users\/1"}],"replies":[{"embeddable":true,"href":"https:\/\/ntumedias-formation.fr\/en\/wp-json\/wp\/v2\/comments?post=862"}],"version-history":[{"count":29,"href":"https:\/\/ntumedias-formation.fr\/en\/wp-json\/wp\/v2\/pages\/862\/revisions"}],"predecessor-version":[{"id":10164,"href":"https:\/\/ntumedias-formation.fr\/en\/wp-json\/wp\/v2\/pages\/862\/revisions\/10164"}],"wp:featuredmedia":[{"embeddable":true,"href":"https:\/\/ntumedias-formation.fr\/en\/wp-json\/wp\/v2\/media\/8000"}],"wp:attachment":[{"href":"https:\/\/ntumedias-formation.fr\/en\/wp-json\/wp\/v2\/media?parent=862"}],"curies":[{"name":"wp","href":"https:\/\/api.w.org\/{rel}","templated":true}]}}